{"id":15,"date":"2024-10-25T16:28:56","date_gmt":"2024-10-25T16:28:56","guid":{"rendered":"https:\/\/renovarenergia.com.ar\/?page_id=15"},"modified":"2025-03-03T14:12:53","modified_gmt":"2025-03-03T14:12:53","slug":"inicio","status":"publish","type":"page","link":"https:\/\/renovarenergia.com.ar\/","title":{"rendered":"INICIO"},"content":{"rendered":"<div id='layer_slider_1'  class='avia-layerslider main_color avia-shadow  avia-builder-el-0  el_before_av_masonry_gallery  avia-builder-el-first  container_wrap fullsize'  style='height: 721px;'  ><\/div>\n<div id='av-masonry-1' class='av-masonry av-m34bvi6h-825f4343fbdf8d5a31b0fcb01e53e18f noHover av-fixed-size av-large-gap av-hover-overlay- av-masonry-animation-active av-masonry-col-3 av-caption-always av-caption-style- av-masonry-gallery ' data-post_id=\"15\"><div class=\"av-masonry-container isotope av-js-disabled\"><div class='av-masonry-entry isotope-item av-masonry-item-no-image '><\/div><a href=\"https:\/\/renovarenergia.com.ar\/?page_id=277\"  aria-label=\"image ENERG\u00cdA SOLAR\"  id='av-masonry-1-item-526' data-av-masonry-item='526' class='av-masonry-entry isotope-item post-526 attachment type-attachment status-inherit hentry  av-masonry-item-with-image' title=\"ENERG\u00cdA SOLAR\" alt=\"\"  data-av-masonry-custom-link=\"https:\/\/renovarenergia.com.ar\/?page_id=277\"  itemprop=\"thumbnailUrl\" ><div class='av-inner-masonry-sizer'><\/div><figure class='av-inner-masonry main_color'><div class=\"av-masonry-outerimage-container\"><div class='av-masonry-image-container' style=\"background-image: url(https:\/\/renovarenergia.com.ar\/wp-content\/uploads\/2025\/03\/UCA-705x470.jpg);\"  title=\"ENERG\u00cdA SOLAR\" ><\/div><\/div><figcaption class='av-inner-masonry-content site-background'><div class='av-inner-masonry-content-pos'><div class='av-inner-masonry-content-pos-content'><div class='avia-arrow'><\/div><h3 class='av-masonry-entry-title entry-title '  itemprop=\"headline\" >ENERG\u00cdA SOLAR<\/h3><\/div><\/div><\/figcaption><\/figure><\/a><!--end av-masonry entry--><a href=\"https:\/\/renovarenergia.com.ar\/?page_id=210\"  aria-label=\"image ALUMBRADO P\u00daBLICO\"  id='av-masonry-1-item-199' data-av-masonry-item='199' class='av-masonry-entry isotope-item post-199 attachment type-attachment status-inherit hentry  av-masonry-item-with-image' title=\"ALUMBRADO P\u00daBLICO\" alt=\"\"  data-av-masonry-custom-link=\"https:\/\/renovarenergia.com.ar\/?page_id=210\"  itemprop=\"thumbnailUrl\" ><div class='av-inner-masonry-sizer'><\/div><figure class='av-inner-masonry main_color'><div class=\"av-masonry-outerimage-container\"><div class='av-masonry-image-container' style=\"background-image: url(https:\/\/renovarenergia.com.ar\/wp-content\/uploads\/2024\/11\/alumbrado-705x481.jpg);\"  title=\"ALUMBRADO P\u00daBLICO\" ><\/div><\/div><figcaption class='av-inner-masonry-content site-background'><div class='av-inner-masonry-content-pos'><div class='av-inner-masonry-content-pos-content'><div class='avia-arrow'><\/div><h3 class='av-masonry-entry-title entry-title '  itemprop=\"headline\" >ALUMBRADO P\u00daBLICO<\/h3><\/div><\/div><\/figcaption><\/figure><\/a><!--end av-masonry entry--><a href=\"https:\/\/renovarenergia.com.ar\/?page_id=489\"  aria-label=\"image CONSTRUCCI\u00d3N MODULAR\"  id='av-masonry-1-item-494' data-av-masonry-item='494' class='av-masonry-entry isotope-item post-494 attachment type-attachment status-inherit hentry  av-masonry-item-with-image' title=\"CONSTRUCCI\u00d3N MODULAR\" alt=\"\"  data-av-masonry-custom-link=\"https:\/\/renovarenergia.com.ar\/?page_id=489\"  itemprop=\"thumbnailUrl\" ><div class='av-inner-masonry-sizer'><\/div><figure class='av-inner-masonry main_color'><div class=\"av-masonry-outerimage-container\"><div class='av-masonry-image-container' style=\"background-image: url(https:\/\/renovarenergia.com.ar\/wp-content\/uploads\/2025\/03\/IMG_8284-705x650.jpg);\"  title=\"CONSTRUCCI\u00d3N MODULAR\" ><\/div><\/div><figcaption class='av-inner-masonry-content site-background'><div class='av-inner-masonry-content-pos'><div class='av-inner-masonry-content-pos-content'><div class='avia-arrow'><\/div><h3 class='av-masonry-entry-title entry-title '  itemprop=\"headline\" >CONSTRUCCI\u00d3N MODULAR<\/h3><\/div><\/div><\/figcaption><\/figure><\/a><!--end av-masonry entry--><\/div><\/div>\n","protected":false},"excerpt":{"rendered":"","protected":false},"author":1,"featured_media":0,"parent":0,"menu_order":0,"comment_status":"closed","ping_status":"closed","template":"","meta":{"_acf_changed":false,"footnotes":""},"class_list":["post-15","page","type-page","status-publish","hentry"],"yoast_head":"<!-- This site is optimized with the Yoast SEO plugin v23.7 - https:\/\/yoast.com\/wordpress\/plugins\/seo\/ -->\n<title>INICIO | RENOVAR ENERG\u00cdA<\/title>\n<meta name=\"description\" content=\"RENOVAR ENERG\u00cdA es una empresa Argentina dedicada a brindar soluciones de infraestructura civil y energ\u00eda renovable.\" \/>\n<meta name=\"robots\" content=\"index, follow, max-snippet:-1, max-image-preview:large, max-video-preview:-1\" \/>\n<link rel=\"canonical\" href=\"https:\/\/renovarenergia.com.ar\/?page_id=15\" \/>\n<meta property=\"og:locale\" content=\"en_US\" \/>\n<meta property=\"og:type\" content=\"article\" \/>\n<meta property=\"og:title\" content=\"INICIO | RENOVAR ENERG\u00cdA\" \/>\n<meta property=\"og:description\" content=\"RENOVAR ENERG\u00cdA es una empresa Argentina dedicada a brindar soluciones de infraestructura civil y energ\u00eda renovable.\" \/>\n<meta property=\"og:url\" content=\"https:\/\/renovarenergia.com.ar\/?page_id=15\" \/>\n<meta property=\"og:site_name\" content=\"My Blog\" \/>\n<meta property=\"article:modified_time\" content=\"2025-03-03T14:12:53+00:00\" \/>\n<meta name=\"twitter:card\" content=\"summary_large_image\" \/>\n<meta name=\"twitter:label1\" content=\"Est. reading time\" \/>\n\t<meta name=\"twitter:data1\" content=\"1 minute\" \/>\n<script type=\"application\/ld+json\" class=\"yoast-schema-graph\">{\"@context\":\"https:\/\/schema.org\",\"@graph\":[{\"@type\":\"WebPage\",\"@id\":\"https:\/\/renovarenergia.com.ar\/?page_id=15\",\"url\":\"https:\/\/renovarenergia.com.ar\/?page_id=15\",\"name\":\"INICIO | RENOVAR ENERG\u00cdA\",\"isPartOf\":{\"@id\":\"https:\/\/renovarenergia.com.ar\/#website\"},\"datePublished\":\"2024-10-25T16:28:56+00:00\",\"dateModified\":\"2025-03-03T14:12:53+00:00\",\"description\":\"RENOVAR ENERG\u00cdA es una empresa Argentina dedicada a brindar soluciones de infraestructura civil y energ\u00eda renovable.\",\"breadcrumb\":{\"@id\":\"https:\/\/renovarenergia.com.ar\/?page_id=15#breadcrumb\"},\"inLanguage\":\"en-US\",\"potentialAction\":[{\"@type\":\"ReadAction\",\"target\":[\"https:\/\/renovarenergia.com.ar\/?page_id=15\"]}]},{\"@type\":\"BreadcrumbList\",\"@id\":\"https:\/\/renovarenergia.com.ar\/?page_id=15#breadcrumb\",\"itemListElement\":[{\"@type\":\"ListItem\",\"position\":1,\"name\":\"Home\",\"item\":\"https:\/\/renovarenergia.com.ar\/?page_id=15\"},{\"@type\":\"ListItem\",\"position\":2,\"name\":\"INICIO\"}]},{\"@type\":\"WebSite\",\"@id\":\"https:\/\/renovarenergia.com.ar\/#website\",\"url\":\"https:\/\/renovarenergia.com.ar\/\",\"name\":\"My Blog\",\"description\":\"My WordPress Blog\",\"potentialAction\":[{\"@type\":\"SearchAction\",\"target\":{\"@type\":\"EntryPoint\",\"urlTemplate\":\"https:\/\/renovarenergia.com.ar\/?s={search_term_string}\"},\"query-input\":{\"@type\":\"PropertyValueSpecification\",\"valueRequired\":true,\"valueName\":\"search_term_string\"}}],\"inLanguage\":\"en-US\"}]}<\/script>\n<!-- \/ Yoast SEO plugin. -->","yoast_head_json":{"title":"INICIO | RENOVAR ENERG\u00cdA","description":"RENOVAR ENERG\u00cdA es una empresa Argentina dedicada a brindar soluciones de infraestructura civil y energ\u00eda renovable.","robots":{"index":"index","follow":"follow","max-snippet":"max-snippet:-1","max-image-preview":"max-image-preview:large","max-video-preview":"max-video-preview:-1"},"canonical":"https:\/\/renovarenergia.com.ar\/?page_id=15","og_locale":"en_US","og_type":"article","og_title":"INICIO | RENOVAR ENERG\u00cdA","og_description":"RENOVAR ENERG\u00cdA es una empresa Argentina dedicada a brindar soluciones de infraestructura civil y energ\u00eda renovable.","og_url":"https:\/\/renovarenergia.com.ar\/?page_id=15","og_site_name":"My Blog","article_modified_time":"2025-03-03T14:12:53+00:00","twitter_card":"summary_large_image","twitter_misc":{"Est. reading time":"1 minute"},"schema":{"@context":"https:\/\/schema.org","@graph":[{"@type":"WebPage","@id":"https:\/\/renovarenergia.com.ar\/?page_id=15","url":"https:\/\/renovarenergia.com.ar\/?page_id=15","name":"INICIO | RENOVAR ENERG\u00cdA","isPartOf":{"@id":"https:\/\/renovarenergia.com.ar\/#website"},"datePublished":"2024-10-25T16:28:56+00:00","dateModified":"2025-03-03T14:12:53+00:00","description":"RENOVAR ENERG\u00cdA es una empresa Argentina dedicada a brindar soluciones de infraestructura civil y energ\u00eda renovable.","breadcrumb":{"@id":"https:\/\/renovarenergia.com.ar\/?page_id=15#breadcrumb"},"inLanguage":"en-US","potentialAction":[{"@type":"ReadAction","target":["https:\/\/renovarenergia.com.ar\/?page_id=15"]}]},{"@type":"BreadcrumbList","@id":"https:\/\/renovarenergia.com.ar\/?page_id=15#breadcrumb","itemListElement":[{"@type":"ListItem","position":1,"name":"Home","item":"https:\/\/renovarenergia.com.ar\/?page_id=15"},{"@type":"ListItem","position":2,"name":"INICIO"}]},{"@type":"WebSite","@id":"https:\/\/renovarenergia.com.ar\/#website","url":"https:\/\/renovarenergia.com.ar\/","name":"My Blog","description":"My WordPress Blog","potentialAction":[{"@type":"SearchAction","target":{"@type":"EntryPoint","urlTemplate":"https:\/\/renovarenergia.com.ar\/?s={search_term_string}"},"query-input":{"@type":"PropertyValueSpecification","valueRequired":true,"valueName":"search_term_string"}}],"inLanguage":"en-US"}]}},"acf":[],"_links":{"self":[{"href":"https:\/\/renovarenergia.com.ar\/index.php?rest_route=\/wp\/v2\/pages\/15","targetHints":{"allow":["GET"]}}],"collection":[{"href":"https:\/\/renovarenergia.com.ar\/index.php?rest_route=\/wp\/v2\/pages"}],"about":[{"href":"https:\/\/renovarenergia.com.ar\/index.php?rest_route=\/wp\/v2\/types\/page"}],"author":[{"embeddable":true,"href":"https:\/\/renovarenergia.com.ar\/index.php?rest_route=\/wp\/v2\/users\/1"}],"replies":[{"embeddable":true,"href":"https:\/\/renovarenergia.com.ar\/index.php?rest_route=%2Fwp%2Fv2%2Fcomments&post=15"}],"version-history":[{"count":11,"href":"https:\/\/renovarenergia.com.ar\/index.php?rest_route=\/wp\/v2\/pages\/15\/revisions"}],"predecessor-version":[{"id":527,"href":"https:\/\/renovarenergia.com.ar\/index.php?rest_route=\/wp\/v2\/pages\/15\/revisions\/527"}],"wp:attachment":[{"href":"https:\/\/renovarenergia.com.ar\/index.php?rest_route=%2Fwp%2Fv2%2Fmedia&parent=15"}],"curies":[{"name":"wp","href":"https:\/\/api.w.org\/{rel}","templated":true}]}}