{"id":167,"date":"2024-10-29T23:31:12","date_gmt":"2024-10-29T23:31:12","guid":{"rendered":"https:\/\/renovarenergia.com.ar\/?page_id=167"},"modified":"2024-10-30T12:11:56","modified_gmt":"2024-10-30T12:11:56","slug":"servicios","status":"publish","type":"page","link":"https:\/\/renovarenergia.com.ar\/?page_id=167","title":{"rendered":"SERVICIOS"},"content":{"rendered":"<div  class='flex_column av-hdbpb-ab66ea0f2572c5ac891e7d3964749938 av_one_half  avia-builder-el-0  el_before_av_one_half  avia-builder-el-first  first flex_column_div  '     ><p>\n<style type=\"text\/css\" data-created_by=\"avia_inline_auto\" id=\"style-css-av-m2v2oixv-53eb43af3c5a5097d48046b3a52e886f\">\n#top .av-special-heading.av-m2v2oixv-53eb43af3c5a5097d48046b3a52e886f{\npadding-bottom:10px;\n}\nbody .av-special-heading.av-m2v2oixv-53eb43af3c5a5097d48046b3a52e886f .av-special-heading-tag .heading-char{\nfont-size:25px;\n}\n#top #wrap_all .av-special-heading.av-m2v2oixv-53eb43af3c5a5097d48046b3a52e886f .av-special-heading-tag{\nfont-size:40px;\n}\n.av-special-heading.av-m2v2oixv-53eb43af3c5a5097d48046b3a52e886f .av-subheading{\nfont-size:15px;\n}\n<\/style>\n<div  class='av-special-heading av-m2v2oixv-53eb43af3c5a5097d48046b3a52e886f av-special-heading-h1  avia-builder-el-1  el_before_av_textblock  avia-builder-el-first '><h1 class='av-special-heading-tag '  itemprop=\"headline\"  >SERVICIOS<\/h1><div class=\"special-heading-border\"><div class=\"special-heading-inner-border\"><\/div><\/div><\/div><br \/>\n\n<style type=\"text\/css\" data-created_by=\"avia_inline_auto\" id=\"style-css-av-m2v2qmp5-d4aad962853746eda6216ae02b289aaa\">\n#top .av_textblock_section.av-m2v2qmp5-d4aad962853746eda6216ae02b289aaa .avia_textblock{\nfont-size:17px;\n}\n<\/style>\n<section  class='av_textblock_section av-m2v2qmp5-d4aad962853746eda6216ae02b289aaa '   itemscope=\"itemscope\" itemtype=\"https:\/\/schema.org\/CreativeWork\" ><div class='avia_textblock'  itemprop=\"text\" ><p id=\"tw-target-text\" class=\"tw-data-text tw-text-large tw-ta\" dir=\"ltr\" data-placeholder=\"Traducci\u00f3n\"><span lang=\"es\" tabindex=\"0\">Ofrecemos diversos servicios, tales como la evaluaci\u00f3n y optimizaci\u00f3n del consumo de electricidad en hogares e industrias, dise\u00f1o, instalaci\u00f3n y evaluaci\u00f3n de sistemas de protecci\u00f3n contra descargas atmosfericas , proyectos e instalaciones el\u00e9ctricas, adem\u00e1s de servicios de mantenimiento el\u00e9ctrico en general.<\/span><\/p>\n<p class=\"tw-data-text tw-text-large tw-ta\" dir=\"ltr\" data-placeholder=\"Traducci\u00f3n\"><span lang=\"es\" tabindex=\"0\">Nos especializamos en energ\u00eda renovable e infraestructura p\u00fablica. Nuestras aplicaciones integran tecnolog\u00edas avanzadas y de alta eficiencia. Queremos contribuir para reducir las emisiones de gases contaminantes desarollando nuevas tecnolog\u00edas que permitan la eficiencia en el manejo de los recursos.<\/span><\/p>\n<\/div><\/section><\/p><\/div>\n<div  class='flex_column av-87vd3-747822e46a4cd09246f70f378764b88a av_one_half  avia-builder-el-3  el_after_av_one_half  el_before_av_layerslider  avia-builder-el-last  flex_column_div  '     ><style type=\"text\/css\" data-created_by=\"avia_inline_auto\" id=\"style-css-av-m2v301cj-17ff3ae7aae689a7d61a10ff426d53b7\">\n#top .avia-icon-list-container.av-m2v301cj-17ff3ae7aae689a7d61a10ff426d53b7 .iconlist_icon{\ncolor:#ffffff;\nbackground-color:#7bb0e7;\nbackground:linear-gradient( to bottom, #7bb0e7, #83a846 );\n}\n<\/style>\n<div  class='avia-icon-list-container av-m2v301cj-17ff3ae7aae689a7d61a10ff426d53b7  avia-builder-el-4  avia-builder-el-no-sibling '><ul class='avia-icon-list avia_animate_when_almost_visible avia-icon-list-left av-iconlist-big av-m2v301cj-17ff3ae7aae689a7d61a10ff426d53b7 avia-iconlist-animate'>\n<li><div class='iconlist_icon av-m2v2s5gu-8a0f430a2e9cad1af1d185fdce1ac483 avia-font-entypo-fontello'><span class='iconlist-char' aria-hidden='true' data-av_icon='\ue864' data-av_iconfont='entypo-fontello'><\/span><\/div><article class=\"article-icon-entry av-iconlist-empty\"  itemscope=\"itemscope\" itemtype=\"https:\/\/schema.org\/CreativeWork\" ><div class=\"iconlist_content_wrap\"><header class=\"entry-content-header\" aria-label=\"Icon: ALUMBRADO P\u00daBLICO\"><h4 class='av_iconlist_title iconlist_title  '  itemprop=\"headline\" >ALUMBRADO P\u00daBLICO<\/h4><\/header><div class='iconlist_content '  itemprop=\"text\" ><\/div><\/div><footer class=\"entry-footer\"><\/footer><\/article><div class=\"iconlist-timeline\"><\/div><\/li>\n<li><div class='iconlist_icon av-m2v2siud-ffbd777b71f7a37c412388ea0d9d7159 avia-font-entypo-fontello'><span class='iconlist-char' aria-hidden='true' data-av_icon='\ue856' data-av_iconfont='entypo-fontello'><\/span><\/div><article class=\"article-icon-entry av-iconlist-empty\"  itemscope=\"itemscope\" itemtype=\"https:\/\/schema.org\/CreativeWork\" ><div class=\"iconlist_content_wrap\"><header class=\"entry-content-header\" aria-label=\"Icon: OBRAS CIVILES\"><h4 class='av_iconlist_title iconlist_title  '  itemprop=\"headline\" >OBRAS CIVILES<\/h4><\/header><div class='iconlist_content '  itemprop=\"text\" ><\/div><\/div><footer class=\"entry-footer\"><\/footer><\/article><div class=\"iconlist-timeline\"><\/div><\/li>\n<li><div class='iconlist_icon av-m2v2tmv9-272bccc6b16f3bbc0d275d5386746aa2 avia-font-entypo-fontello'><span class='iconlist-char' aria-hidden='true' data-av_icon='\ue8b1' data-av_iconfont='entypo-fontello'><\/span><\/div><article class=\"article-icon-entry av-iconlist-empty\"  itemscope=\"itemscope\" itemtype=\"https:\/\/schema.org\/CreativeWork\" ><div class=\"iconlist_content_wrap\"><header class=\"entry-content-header\" aria-label=\"Icon: ENERG\u00cdA RENOVABLE\"><h4 class='av_iconlist_title iconlist_title  '  itemprop=\"headline\" >ENERG\u00cdA RENOVABLE<\/h4><\/header><div class='iconlist_content '  itemprop=\"text\" ><\/div><\/div><footer class=\"entry-footer\"><\/footer><\/article><div class=\"iconlist-timeline\"><\/div><\/li>\n<li><div class='iconlist_icon av-m2v2xsjs-b44f4b7afc06763b9a689f7a821ed450 avia-font-entypo-fontello'><span class='iconlist-char' aria-hidden='true' data-av_icon='\ue8a2' data-av_iconfont='entypo-fontello'><\/span><\/div><article class=\"article-icon-entry av-iconlist-empty\"  itemscope=\"itemscope\" itemtype=\"https:\/\/schema.org\/CreativeWork\" ><div class=\"iconlist_content_wrap\"><header class=\"entry-content-header\" aria-label=\"Icon: SOLUCIONES DE ALMACENAMIENTO\"><h4 class='av_iconlist_title iconlist_title  '  itemprop=\"headline\" >SOLUCIONES DE ALMACENAMIENTO<\/h4><\/header><div class='iconlist_content '  itemprop=\"text\" ><\/div><\/div><footer class=\"entry-footer\"><\/footer><\/article><div class=\"iconlist-timeline\"><\/div><\/li>\n<\/ul><\/div><\/div>\n<\/div><\/div><\/div><!-- close content main div --><\/div><\/div><div id='layer_slider_1'  class='avia-layerslider main_color avia-shadow  avia-builder-el-5  el_after_av_one_half  el_before_av_section  slider-not-first container_wrap fullsize'  style='height: 721px;'  ><\/div>\n\n<style type=\"text\/css\" data-created_by=\"avia_inline_auto\" id=\"style-css-av-11is7r-ad099bcd83decefa5de013eaedac6f63\">\n.avia-section.av-11is7r-ad099bcd83decefa5de013eaedac6f63{\nbackground-repeat:no-repeat;\nbackground-image:url(https:\/\/renovarenergia.com.ar\/wp-content\/uploads\/2024\/10\/pexels-pixabay-53594-1-scaled.jpg);\nbackground-position:50% 50%;\nbackground-attachment:scroll;\n}\n<\/style>\n<div id='av_section_1'  class='avia-section av-11is7r-ad099bcd83decefa5de013eaedac6f63 main_color avia-section-default avia-shadow  avia-builder-el-6  el_after_av_layerslider  avia-builder-el-last  avia-bg-style-scroll av-minimum-height av-minimum-height-custom av-height-custom  container_wrap fullsize'  data-section-bg-repeat='no-repeat' data-av_minimum_height_px='300'><div class='container av-section-cont-open' style='height:300px'><div class='template-page content  av-content-full alpha units'><div class='post-entry post-entry-type-page post-entry-167'><div class='entry-content-wrapper clearfix'>\n\n<style type=\"text\/css\" data-created_by=\"avia_inline_auto\" id=\"style-css-av-3fw07-5cb6e8db841fdcf6be88ed71f1d02996\">\n#top .av-special-heading.av-3fw07-5cb6e8db841fdcf6be88ed71f1d02996{\npadding-bottom:10px;\ncolor:#ffffff;\n}\nbody .av-special-heading.av-3fw07-5cb6e8db841fdcf6be88ed71f1d02996 .av-special-heading-tag .heading-char{\nfont-size:25px;\n}\n.av-special-heading.av-3fw07-5cb6e8db841fdcf6be88ed71f1d02996 .special-heading-inner-border{\nborder-color:#ffffff;\n}\n.av-special-heading.av-3fw07-5cb6e8db841fdcf6be88ed71f1d02996 .av-subheading{\nfont-size:15px;\n}\n<\/style>\n<div  class='av-special-heading av-3fw07-5cb6e8db841fdcf6be88ed71f1d02996 av-special-heading-h1 custom-color-heading blockquote modern-quote modern-centered  avia-builder-el-7  el_before_av_hr  avia-builder-el-first '><h1 class='av-special-heading-tag '  itemprop=\"headline\"  >\u00bfTENES UNA PREGUNTA O NECESITAS UN PRESUPUESTO?<\/h1><div class=\"special-heading-border\"><div class=\"special-heading-inner-border\"><\/div><\/div><\/div>\n\n<style type=\"text\/css\" data-created_by=\"avia_inline_auto\" id=\"style-css-av-q6xcf-7470767928b006792b16cb22e7f7545a\">\n#top .hr.hr-invisible.av-q6xcf-7470767928b006792b16cb22e7f7545a{\nheight:20px;\n}\n<\/style>\n<div  class='hr av-q6xcf-7470767928b006792b16cb22e7f7545a hr-invisible  avia-builder-el-8  el_after_av_heading  el_before_av_textblock '><span class='hr-inner '><span class=\"hr-inner-style\"><\/span><\/span><\/div>\n\n<style type=\"text\/css\" data-created_by=\"avia_inline_auto\" id=\"style-css-av-mzgpj-952fad25f132f6e427ef971d91aa4381\">\n#top .av_textblock_section.av-mzgpj-952fad25f132f6e427ef971d91aa4381 .avia_textblock{\ncolor:#f2f2f2;\n}\n<\/style>\n<section  class='av_textblock_section av-mzgpj-952fad25f132f6e427ef971d91aa4381 '   itemscope=\"itemscope\" itemtype=\"https:\/\/schema.org\/CreativeWork\" ><div class='avia_textblock av_inherit_color'  itemprop=\"text\" ><h2 style=\"text-align: center;\">CONT\u00c1CTANOS Y TE LLAMAMOS<\/h2>\n<\/div><\/section>\n\n<style type=\"text\/css\" data-created_by=\"avia_inline_auto\" id=\"style-css-av-cy82v-77c800ecb76c3d7428e8d6dbd048f089\">\n#top .hr.hr-invisible.av-cy82v-77c800ecb76c3d7428e8d6dbd048f089{\nheight:20px;\n}\n<\/style>\n<div  class='hr av-cy82v-77c800ecb76c3d7428e8d6dbd048f089 hr-invisible  avia-builder-el-10  el_after_av_textblock  el_before_av_button '><span class='hr-inner '><span class=\"hr-inner-style\"><\/span><\/span><\/div>\n<div  class='avia-button-wrap av-6z493-e9b92757188b668e1709dbef15499bdf-wrap avia-button-center  avia-builder-el-11  el_after_av_hr  avia-builder-el-last '>\n<style type=\"text\/css\" data-created_by=\"avia_inline_auto\" id=\"style-css-av-6z493-e9b92757188b668e1709dbef15499bdf\">\n#top #wrap_all .avia-button.av-6z493-e9b92757188b668e1709dbef15499bdf{\nfont-size:20px;\nborder-style:double;\ntransition:all 0.4s ease-in-out;\n}\n<\/style>\n<a href='https:\/\/renovarenergia.com.ar\/?page_id=25'  class='avia-button av-6z493-e9b92757188b668e1709dbef15499bdf av-link-btn avia-icon_select-no avia-size-x-large avia-position-center avia-color-light'   aria-label=\"CONTACTO\"><span class='avia_iconbox_title' >CONTACTO<\/span><\/a><\/div>\n\n","protected":false},"excerpt":{"rendered":"","protected":false},"author":1,"featured_media":0,"parent":0,"menu_order":0,"comment_status":"closed","ping_status":"closed","template":"","meta":{"_acf_changed":false,"footnotes":""},"class_list":["post-167","page","type-page","status-publish","hentry"],"yoast_head":"<!-- This site is optimized with the Yoast SEO plugin v23.7 - https:\/\/yoast.com\/wordpress\/plugins\/seo\/ -->\n<title>SERVICIOS | RENOVAR ENERG\u00cdA<\/title>\n<meta name=\"robots\" content=\"index, follow, max-snippet:-1, max-image-preview:large, max-video-preview:-1\" \/>\n<link rel=\"canonical\" href=\"https:\/\/renovarenergia.com.ar\/?page_id=167\" \/>\n<meta property=\"og:locale\" content=\"en_US\" \/>\n<meta property=\"og:type\" content=\"article\" \/>\n<meta property=\"og:title\" content=\"SERVICIOS | RENOVAR ENERG\u00cdA\" \/>\n<meta property=\"og:url\" content=\"https:\/\/renovarenergia.com.ar\/?page_id=167\" \/>\n<meta property=\"og:site_name\" content=\"My Blog\" \/>\n<meta property=\"article:modified_time\" content=\"2024-10-30T12:11:56+00:00\" \/>\n<meta name=\"twitter:card\" content=\"summary_large_image\" \/>\n<meta name=\"twitter:label1\" content=\"Est. reading time\" \/>\n\t<meta name=\"twitter:data1\" content=\"1 minute\" \/>\n<script type=\"application\/ld+json\" class=\"yoast-schema-graph\">{\"@context\":\"https:\/\/schema.org\",\"@graph\":[{\"@type\":\"WebPage\",\"@id\":\"https:\/\/renovarenergia.com.ar\/?page_id=167\",\"url\":\"https:\/\/renovarenergia.com.ar\/?page_id=167\",\"name\":\"SERVICIOS | RENOVAR ENERG\u00cdA\",\"isPartOf\":{\"@id\":\"https:\/\/renovarenergia.com.ar\/#website\"},\"datePublished\":\"2024-10-29T23:31:12+00:00\",\"dateModified\":\"2024-10-30T12:11:56+00:00\",\"breadcrumb\":{\"@id\":\"https:\/\/renovarenergia.com.ar\/?page_id=167#breadcrumb\"},\"inLanguage\":\"en-US\",\"potentialAction\":[{\"@type\":\"ReadAction\",\"target\":[\"https:\/\/renovarenergia.com.ar\/?page_id=167\"]}]},{\"@type\":\"BreadcrumbList\",\"@id\":\"https:\/\/renovarenergia.com.ar\/?page_id=167#breadcrumb\",\"itemListElement\":[{\"@type\":\"ListItem\",\"position\":1,\"name\":\"Home\",\"item\":\"https:\/\/renovarenergia.com.ar\/?page_id=15\"},{\"@type\":\"ListItem\",\"position\":2,\"name\":\"SERVICIOS\"}]},{\"@type\":\"WebSite\",\"@id\":\"https:\/\/renovarenergia.com.ar\/#website\",\"url\":\"https:\/\/renovarenergia.com.ar\/\",\"name\":\"My Blog\",\"description\":\"My WordPress Blog\",\"potentialAction\":[{\"@type\":\"SearchAction\",\"target\":{\"@type\":\"EntryPoint\",\"urlTemplate\":\"https:\/\/renovarenergia.com.ar\/?s={search_term_string}\"},\"query-input\":{\"@type\":\"PropertyValueSpecification\",\"valueRequired\":true,\"valueName\":\"search_term_string\"}}],\"inLanguage\":\"en-US\"}]}<\/script>\n<!-- \/ Yoast SEO plugin. -->","yoast_head_json":{"title":"SERVICIOS | RENOVAR ENERG\u00cdA","robots":{"index":"index","follow":"follow","max-snippet":"max-snippet:-1","max-image-preview":"max-image-preview:large","max-video-preview":"max-video-preview:-1"},"canonical":"https:\/\/renovarenergia.com.ar\/?page_id=167","og_locale":"en_US","og_type":"article","og_title":"SERVICIOS | RENOVAR ENERG\u00cdA","og_url":"https:\/\/renovarenergia.com.ar\/?page_id=167","og_site_name":"My Blog","article_modified_time":"2024-10-30T12:11:56+00:00","twitter_card":"summary_large_image","twitter_misc":{"Est. reading time":"1 minute"},"schema":{"@context":"https:\/\/schema.org","@graph":[{"@type":"WebPage","@id":"https:\/\/renovarenergia.com.ar\/?page_id=167","url":"https:\/\/renovarenergia.com.ar\/?page_id=167","name":"SERVICIOS | RENOVAR ENERG\u00cdA","isPartOf":{"@id":"https:\/\/renovarenergia.com.ar\/#website"},"datePublished":"2024-10-29T23:31:12+00:00","dateModified":"2024-10-30T12:11:56+00:00","breadcrumb":{"@id":"https:\/\/renovarenergia.com.ar\/?page_id=167#breadcrumb"},"inLanguage":"en-US","potentialAction":[{"@type":"ReadAction","target":["https:\/\/renovarenergia.com.ar\/?page_id=167"]}]},{"@type":"BreadcrumbList","@id":"https:\/\/renovarenergia.com.ar\/?page_id=167#breadcrumb","itemListElement":[{"@type":"ListItem","position":1,"name":"Home","item":"https:\/\/renovarenergia.com.ar\/?page_id=15"},{"@type":"ListItem","position":2,"name":"SERVICIOS"}]},{"@type":"WebSite","@id":"https:\/\/renovarenergia.com.ar\/#website","url":"https:\/\/renovarenergia.com.ar\/","name":"My Blog","description":"My WordPress Blog","potentialAction":[{"@type":"SearchAction","target":{"@type":"EntryPoint","urlTemplate":"https:\/\/renovarenergia.com.ar\/?s={search_term_string}"},"query-input":{"@type":"PropertyValueSpecification","valueRequired":true,"valueName":"search_term_string"}}],"inLanguage":"en-US"}]}},"acf":[],"_links":{"self":[{"href":"https:\/\/renovarenergia.com.ar\/index.php?rest_route=\/wp\/v2\/pages\/167","targetHints":{"allow":["GET"]}}],"collection":[{"href":"https:\/\/renovarenergia.com.ar\/index.php?rest_route=\/wp\/v2\/pages"}],"about":[{"href":"https:\/\/renovarenergia.com.ar\/index.php?rest_route=\/wp\/v2\/types\/page"}],"author":[{"embeddable":true,"href":"https:\/\/renovarenergia.com.ar\/index.php?rest_route=\/wp\/v2\/users\/1"}],"replies":[{"embeddable":true,"href":"https:\/\/renovarenergia.com.ar\/index.php?rest_route=%2Fwp%2Fv2%2Fcomments&post=167"}],"version-history":[{"count":12,"href":"https:\/\/renovarenergia.com.ar\/index.php?rest_route=\/wp\/v2\/pages\/167\/revisions"}],"predecessor-version":[{"id":194,"href":"https:\/\/renovarenergia.com.ar\/index.php?rest_route=\/wp\/v2\/pages\/167\/revisions\/194"}],"wp:attachment":[{"href":"https:\/\/renovarenergia.com.ar\/index.php?rest_route=%2Fwp%2Fv2%2Fmedia&parent=167"}],"curies":[{"name":"wp","href":"https:\/\/api.w.org\/{rel}","templated":true}]}}