{"id":309,"date":"2024-11-29T10:52:52","date_gmt":"2024-11-29T10:52:52","guid":{"rendered":"https:\/\/renovarenergia.com.ar\/?page_id=309"},"modified":"2025-02-10T13:52:44","modified_gmt":"2025-02-10T13:52:44","slug":"luminaria-solar","status":"publish","type":"page","link":"https:\/\/renovarenergia.com.ar\/?page_id=309","title":{"rendered":"LUMINARIA SOLAR"},"content":{"rendered":"<div  class='flex_column av-av_one_half-2d22dc0500e159f2b39fe7a147caf14c av_one_half  avia-builder-el-0  el_before_av_one_half  avia-builder-el-first  first flex_column_div  '     ><p>\n<style type=\"text\/css\" data-created_by=\"avia_inline_auto\" id=\"style-css-av-m6zkkoft-104e65c800a4102ba509586ec9cc68d0\">\n#top .av-special-heading.av-m6zkkoft-104e65c800a4102ba509586ec9cc68d0{\npadding-bottom:10px;\n}\nbody .av-special-heading.av-m6zkkoft-104e65c800a4102ba509586ec9cc68d0 .av-special-heading-tag .heading-char{\nfont-size:25px;\n}\n.av-special-heading.av-m6zkkoft-104e65c800a4102ba509586ec9cc68d0 .av-subheading{\nfont-size:15px;\n}\n<\/style>\n<div  class='av-special-heading av-m6zkkoft-104e65c800a4102ba509586ec9cc68d0 av-special-heading-h1  avia-builder-el-1  el_before_av_textblock  avia-builder-el-first '><h1 class='av-special-heading-tag '  itemprop=\"headline\"  >LUMINARIA SOLAR<\/h1><div class=\"special-heading-border\"><div class=\"special-heading-inner-border\"><\/div><\/div><\/div><br \/>\n\n<style type=\"text\/css\" data-created_by=\"avia_inline_auto\" id=\"style-css-av-m6zkxnt4-aa4e90aa77a977f9f67d61b7797a3c74\">\n#top .av_textblock_section.av-m6zkxnt4-aa4e90aa77a977f9f67d61b7797a3c74 .avia_textblock{\nfont-size:18px;\n}\n<\/style>\n<section  class='av_textblock_section av-m6zkxnt4-aa4e90aa77a977f9f67d61b7797a3c74 '   itemscope=\"itemscope\" itemtype=\"https:\/\/schema.org\/CreativeWork\" ><div class='avia_textblock'  itemprop=\"text\" ><p>La luminaria solar consiste de un sistema independiente que permite iluminar \u00e1reas aisladas o remotas sin necesidad de una conexi\u00f3n el\u00e9ctrica, permitiendo un uso continuo sin interrupciones. Adem\u00e1s, funciona inclusive con d\u00edas nublados consecutivos, proporcionando fiabilidad en las peores condiciones clim\u00e1ticas.<\/p>\n<\/div><\/section><br \/>\n\n<style type=\"text\/css\" data-created_by=\"avia_inline_auto\" id=\"style-css-av-m6zl9vl6-d1ef38269ce49dd99d30cf6a434af976\">\n#top .avia-icon-list-container.av-m6zl9vl6-d1ef38269ce49dd99d30cf6a434af976 .iconlist_icon{\ncolor:#000000;\nbackground-color:#ffffff;\nbackground:linear-gradient( to bottom, #ffffff, #edae44 );\nborder-style:none;\n}\n<\/style>\n<div  class='avia-icon-list-container av-m6zl9vl6-d1ef38269ce49dd99d30cf6a434af976  avia-builder-el-3  el_after_av_textblock  avia-builder-el-last '><ul class='avia-icon-list avia_animate_when_almost_visible avia-icon-list-left av-iconlist-big av-m6zl9vl6-d1ef38269ce49dd99d30cf6a434af976 avia-iconlist-animate'>\n<li><div class='iconlist_icon av-m6zl3l7p-3fb9f8f6a7b923860260802ea7f5ff62 avia-font-entypo-fontello'><span class='iconlist-char' aria-hidden='true' data-av_icon='\ue8b3' data-av_iconfont='entypo-fontello'><\/span><\/div><article class=\"article-icon-entry av-iconlist-empty\"  itemscope=\"itemscope\" itemtype=\"https:\/\/schema.org\/CreativeWork\" ><div class=\"iconlist_content_wrap\"><header class=\"entry-content-header\" aria-label=\"Icon: ILUMINACI\u00d3N INCLUSIVE EN D\u00cdAS NUBLADOS\"><h4 class='av_iconlist_title iconlist_title  '  itemprop=\"headline\" >ILUMINACI\u00d3N INCLUSIVE EN D\u00cdAS NUBLADOS<\/h4><\/header><div class='iconlist_content '  itemprop=\"text\" ><\/div><\/div><footer class=\"entry-footer\"><\/footer><\/article><div class=\"iconlist-timeline\"><\/div><\/li>\n<li><div class='iconlist_icon av-m6zl6pja-eeaf38b673b1a971b8d8fdfa4899b3df avia-font-entypo-fontello'><span class='iconlist-char' aria-hidden='true' data-av_icon='\ue856' data-av_iconfont='entypo-fontello'><\/span><\/div><article class=\"article-icon-entry av-iconlist-empty\"  itemscope=\"itemscope\" itemtype=\"https:\/\/schema.org\/CreativeWork\" ><div class=\"iconlist_content_wrap\"><header class=\"entry-content-header\" aria-label=\"Icon: LIBRE DE MANTENIMIENTO\"><h4 class='av_iconlist_title iconlist_title  '  itemprop=\"headline\" >LIBRE DE MANTENIMIENTO<\/h4><\/header><div class='iconlist_content '  itemprop=\"text\" ><\/div><\/div><footer class=\"entry-footer\"><\/footer><\/article><div class=\"iconlist-timeline\"><\/div><\/li>\n<li><div class='iconlist_icon av-m6zl7y6i-996093f9e8464ed8b06015220a4ac9f6 avia-font-entypo-fontello'><span class='iconlist-char' aria-hidden='true' data-av_icon='\ue844' data-av_iconfont='entypo-fontello'><\/span><\/div><article class=\"article-icon-entry av-iconlist-empty\"  itemscope=\"itemscope\" itemtype=\"https:\/\/schema.org\/CreativeWork\" ><div class=\"iconlist_content_wrap\"><header class=\"entry-content-header\" aria-label=\"Icon: IDEAL PARA \u00c1REAS REMOTAS\"><h4 class='av_iconlist_title iconlist_title  '  itemprop=\"headline\" >IDEAL PARA \u00c1REAS REMOTAS<\/h4><\/header><div class='iconlist_content '  itemprop=\"text\" ><\/div><\/div><footer class=\"entry-footer\"><\/footer><\/article><div class=\"iconlist-timeline\"><\/div><\/li>\n<li><div class='iconlist_icon av-m6zl8vsr-9b59d4a542c3c4b14691306fc5a297dc avia-font-entypo-fontello'><span class='iconlist-char' aria-hidden='true' data-av_icon='\ue8ac' data-av_iconfont='entypo-fontello'><\/span><\/div><article class=\"article-icon-entry av-iconlist-empty\"  itemscope=\"itemscope\" itemtype=\"https:\/\/schema.org\/CreativeWork\" ><div class=\"iconlist_content_wrap\"><header class=\"entry-content-header\" aria-label=\"Icon: CONFIGURACI\u00d3N MODIFICABLE\"><h4 class='av_iconlist_title iconlist_title  '  itemprop=\"headline\" >CONFIGURACI\u00d3N MODIFICABLE<\/h4><\/header><div class='iconlist_content '  itemprop=\"text\" ><\/div><\/div><footer class=\"entry-footer\"><\/footer><\/article><div class=\"iconlist-timeline\"><\/div><\/li>\n<\/ul><\/div><\/p><\/div><div  class='flex_column av-av_one_half-3b0d446bf9e6f7db91541aa567be4cdf av_one_half  avia-builder-el-4  el_after_av_one_half  el_before_av_layerslider  avia-builder-el-last  flex_column_div  '     ><style type=\"text\/css\" data-created_by=\"avia_inline_auto\" id=\"style-css-av-m6zkkddd-8eda377a8f1fb624c234118be49a2ae1\">\n.avia-image-container.av-m6zkkddd-8eda377a8f1fb624c234118be49a2ae1 img.avia_image{\nbox-shadow:none;\n}\n.avia-image-container.av-m6zkkddd-8eda377a8f1fb624c234118be49a2ae1 .av-image-caption-overlay-center{\ncolor:#ffffff;\n}\n<\/style>\n<div  class='avia-image-container av-m6zkkddd-8eda377a8f1fb624c234118be49a2ae1 av-styling- avia-align-center  avia-builder-el-5  avia-builder-el-no-sibling '   itemprop=\"image\" itemscope=\"itemscope\" itemtype=\"https:\/\/schema.org\/ImageObject\" ><div class=\"avia-image-container-inner\"><div class=\"avia-image-overlay-wrap\"><img decoding=\"async\" fetchpriority=\"high\" class='wp-image-278 avia-img-lazy-loading-not-278 avia_image ' src=\"https:\/\/renovarenergia.com.ar\/wp-content\/uploads\/2024\/11\/Luminaria-Solar-1030x1014.jpg\" alt='' title='LUMINARIA SOLAR'  height=\"1014\" width=\"1030\"  itemprop=\"thumbnailUrl\" srcset=\"https:\/\/renovarenergia.com.ar\/wp-content\/uploads\/2024\/11\/Luminaria-Solar-1030x1014.jpg 1030w, https:\/\/renovarenergia.com.ar\/wp-content\/uploads\/2024\/11\/Luminaria-Solar-300x295.jpg 300w, https:\/\/renovarenergia.com.ar\/wp-content\/uploads\/2024\/11\/Luminaria-Solar-80x80.jpg 80w, https:\/\/renovarenergia.com.ar\/wp-content\/uploads\/2024\/11\/Luminaria-Solar-768x756.jpg 768w, https:\/\/renovarenergia.com.ar\/wp-content\/uploads\/2024\/11\/Luminaria-Solar-1536x1512.jpg 1536w, https:\/\/renovarenergia.com.ar\/wp-content\/uploads\/2024\/11\/Luminaria-Solar-36x36.jpg 36w, https:\/\/renovarenergia.com.ar\/wp-content\/uploads\/2024\/11\/Luminaria-Solar-1500x1477.jpg 1500w, https:\/\/renovarenergia.com.ar\/wp-content\/uploads\/2024\/11\/Luminaria-Solar-705x694.jpg 705w, https:\/\/renovarenergia.com.ar\/wp-content\/uploads\/2024\/11\/Luminaria-Solar.jpg 1684w\" sizes=\"(max-width: 1030px) 100vw, 1030px\" \/><\/div><\/div><\/div><\/div><\/div><\/div><\/div><!-- close content main div --><\/div><\/div><div id='layer_slider_1'  class='avia-layerslider main_color avia-shadow  avia-builder-el-6  el_after_av_one_half  el_before_av_section  slider-not-first container_wrap fullsize'  style='height: 721px;'  ><\/div><\/p>\n\n<style type=\"text\/css\" data-created_by=\"avia_inline_auto\" id=\"style-css-av-10l44t-232a27006585f95198f07cb91e7b1ca8\">\n.avia-section.av-10l44t-232a27006585f95198f07cb91e7b1ca8{\nbackground-repeat:no-repeat;\nbackground-image:url(https:\/\/renovarenergia.com.ar\/wp-content\/uploads\/2024\/10\/pexels-pixabay-53594-1-scaled.jpg);\nbackground-position:50% 50%;\nbackground-attachment:scroll;\n}\n<\/style>\n<div id='av_section_1'  class='avia-section av-10l44t-232a27006585f95198f07cb91e7b1ca8 main_color avia-section-default avia-shadow  avia-builder-el-7  el_after_av_layerslider  avia-builder-el-last  avia-bg-style-scroll av-minimum-height av-minimum-height-custom av-height-custom  container_wrap fullsize'  data-section-bg-repeat='no-repeat' data-av_minimum_height_px='300'><div class='container av-section-cont-open' style='height:300px'><div class='template-page content  av-content-full alpha units'><div class='post-entry post-entry-type-page post-entry-309'><div class='entry-content-wrapper clearfix'>\n\n<style type=\"text\/css\" data-created_by=\"avia_inline_auto\" id=\"style-css-av-vo7b1-c524ca7708770c86f5c685c6a31481ca\">\n#top .av-special-heading.av-vo7b1-c524ca7708770c86f5c685c6a31481ca{\npadding-bottom:10px;\ncolor:#ffffff;\n}\nbody .av-special-heading.av-vo7b1-c524ca7708770c86f5c685c6a31481ca .av-special-heading-tag .heading-char{\nfont-size:25px;\n}\n.av-special-heading.av-vo7b1-c524ca7708770c86f5c685c6a31481ca .special-heading-inner-border{\nborder-color:#ffffff;\n}\n.av-special-heading.av-vo7b1-c524ca7708770c86f5c685c6a31481ca .av-subheading{\nfont-size:15px;\n}\n<\/style>\n<div  class='av-special-heading av-vo7b1-c524ca7708770c86f5c685c6a31481ca av-special-heading-h1 custom-color-heading blockquote modern-quote modern-centered  avia-builder-el-8  el_before_av_hr  avia-builder-el-first '><h1 class='av-special-heading-tag '  itemprop=\"headline\"  >\u00bfTENES UNA PREGUNTA O NECESITAS UN PRESUPUESTO?<\/h1><div class=\"special-heading-border\"><div class=\"special-heading-inner-border\"><\/div><\/div><\/div>\n\n<style type=\"text\/css\" data-created_by=\"avia_inline_auto\" id=\"style-css-av-puo3h-b5966eda33b76b77b0d8102835223c0e\">\n#top .hr.hr-invisible.av-puo3h-b5966eda33b76b77b0d8102835223c0e{\nheight:20px;\n}\n<\/style>\n<div  class='hr av-puo3h-b5966eda33b76b77b0d8102835223c0e hr-invisible  avia-builder-el-9  el_after_av_heading  el_before_av_textblock '><span class='hr-inner '><span class=\"hr-inner-style\"><\/span><\/span><\/div>\n\n<style type=\"text\/css\" data-created_by=\"avia_inline_auto\" id=\"style-css-av-lfsyl-7358f5dcc9128234914cdeae713e34bb\">\n#top .av_textblock_section.av-lfsyl-7358f5dcc9128234914cdeae713e34bb .avia_textblock{\ncolor:#f2f2f2;\n}\n<\/style>\n<section  class='av_textblock_section av-lfsyl-7358f5dcc9128234914cdeae713e34bb '   itemscope=\"itemscope\" itemtype=\"https:\/\/schema.org\/CreativeWork\" ><div class='avia_textblock av_inherit_color'  itemprop=\"text\" ><h2 style=\"text-align: center;\">CONT\u00c1CTANOS Y TE LLAMAMOS<\/h2>\n<\/div><\/section>\n\n<style type=\"text\/css\" data-created_by=\"avia_inline_auto\" id=\"style-css-av-e8rcd-171b28bf8898347d3286cd0b962b1290\">\n#top .hr.hr-invisible.av-e8rcd-171b28bf8898347d3286cd0b962b1290{\nheight:20px;\n}\n<\/style>\n<div  class='hr av-e8rcd-171b28bf8898347d3286cd0b962b1290 hr-invisible  avia-builder-el-11  el_after_av_textblock  el_before_av_button '><span class='hr-inner '><span class=\"hr-inner-style\"><\/span><\/span><\/div>\n<div  class='avia-button-wrap av-8tb2t-4b4a4200ebd0d0e01165c198a86338a7-wrap avia-button-center  avia-builder-el-12  el_after_av_hr  avia-builder-el-last '>\n<style type=\"text\/css\" data-created_by=\"avia_inline_auto\" id=\"style-css-av-8tb2t-4b4a4200ebd0d0e01165c198a86338a7\">\n#top #wrap_all .avia-button.av-8tb2t-4b4a4200ebd0d0e01165c198a86338a7{\nfont-size:20px;\nborder-style:double;\ntransition:all 0.4s ease-in-out;\n}\n<\/style>\n<a href='https:\/\/renovarenergia.com.ar\/?page_id=25'  class='avia-button av-8tb2t-4b4a4200ebd0d0e01165c198a86338a7 av-link-btn avia-icon_select-no avia-size-x-large avia-position-center avia-color-light'   aria-label=\"CONTACTO\"><span class='avia_iconbox_title' >CONTACTO<\/span><\/a><\/div>\n\n","protected":false},"excerpt":{"rendered":"","protected":false},"author":1,"featured_media":0,"parent":0,"menu_order":0,"comment_status":"closed","ping_status":"closed","template":"","meta":{"_acf_changed":false,"footnotes":""},"class_list":["post-309","page","type-page","status-publish","hentry"],"yoast_head":"<!-- This site is optimized with the Yoast SEO plugin v23.7 - https:\/\/yoast.com\/wordpress\/plugins\/seo\/ -->\n<title>LUMINARIA SOLAR | RENOVAR ENERGIA<\/title>\n<meta name=\"robots\" content=\"index, follow, max-snippet:-1, max-image-preview:large, max-video-preview:-1\" \/>\n<link rel=\"canonical\" href=\"https:\/\/renovarenergia.com.ar\/?page_id=309\" \/>\n<meta property=\"og:locale\" content=\"en_US\" \/>\n<meta property=\"og:type\" content=\"article\" \/>\n<meta property=\"og:title\" content=\"LUMINARIA SOLAR | RENOVAR ENERGIA\" \/>\n<meta property=\"og:url\" content=\"https:\/\/renovarenergia.com.ar\/?page_id=309\" \/>\n<meta property=\"og:site_name\" content=\"My Blog\" \/>\n<meta property=\"article:modified_time\" content=\"2025-02-10T13:52:44+00:00\" \/>\n<meta name=\"twitter:card\" content=\"summary_large_image\" \/>\n<meta name=\"twitter:label1\" content=\"Est. reading time\" \/>\n\t<meta name=\"twitter:data1\" content=\"1 minute\" \/>\n<script type=\"application\/ld+json\" class=\"yoast-schema-graph\">{\"@context\":\"https:\/\/schema.org\",\"@graph\":[{\"@type\":\"WebPage\",\"@id\":\"https:\/\/renovarenergia.com.ar\/?page_id=309\",\"url\":\"https:\/\/renovarenergia.com.ar\/?page_id=309\",\"name\":\"LUMINARIA SOLAR | RENOVAR ENERGIA\",\"isPartOf\":{\"@id\":\"https:\/\/renovarenergia.com.ar\/#website\"},\"datePublished\":\"2024-11-29T10:52:52+00:00\",\"dateModified\":\"2025-02-10T13:52:44+00:00\",\"breadcrumb\":{\"@id\":\"https:\/\/renovarenergia.com.ar\/?page_id=309#breadcrumb\"},\"inLanguage\":\"en-US\",\"potentialAction\":[{\"@type\":\"ReadAction\",\"target\":[\"https:\/\/renovarenergia.com.ar\/?page_id=309\"]}]},{\"@type\":\"BreadcrumbList\",\"@id\":\"https:\/\/renovarenergia.com.ar\/?page_id=309#breadcrumb\",\"itemListElement\":[{\"@type\":\"ListItem\",\"position\":1,\"name\":\"Home\",\"item\":\"https:\/\/renovarenergia.com.ar\/?page_id=15\"},{\"@type\":\"ListItem\",\"position\":2,\"name\":\"LUMINARIA SOLAR\"}]},{\"@type\":\"WebSite\",\"@id\":\"https:\/\/renovarenergia.com.ar\/#website\",\"url\":\"https:\/\/renovarenergia.com.ar\/\",\"name\":\"My Blog\",\"description\":\"My WordPress Blog\",\"potentialAction\":[{\"@type\":\"SearchAction\",\"target\":{\"@type\":\"EntryPoint\",\"urlTemplate\":\"https:\/\/renovarenergia.com.ar\/?s={search_term_string}\"},\"query-input\":{\"@type\":\"PropertyValueSpecification\",\"valueRequired\":true,\"valueName\":\"search_term_string\"}}],\"inLanguage\":\"en-US\"}]}<\/script>\n<!-- \/ Yoast SEO plugin. -->","yoast_head_json":{"title":"LUMINARIA SOLAR | RENOVAR ENERGIA","robots":{"index":"index","follow":"follow","max-snippet":"max-snippet:-1","max-image-preview":"max-image-preview:large","max-video-preview":"max-video-preview:-1"},"canonical":"https:\/\/renovarenergia.com.ar\/?page_id=309","og_locale":"en_US","og_type":"article","og_title":"LUMINARIA SOLAR | RENOVAR ENERGIA","og_url":"https:\/\/renovarenergia.com.ar\/?page_id=309","og_site_name":"My Blog","article_modified_time":"2025-02-10T13:52:44+00:00","twitter_card":"summary_large_image","twitter_misc":{"Est. reading time":"1 minute"},"schema":{"@context":"https:\/\/schema.org","@graph":[{"@type":"WebPage","@id":"https:\/\/renovarenergia.com.ar\/?page_id=309","url":"https:\/\/renovarenergia.com.ar\/?page_id=309","name":"LUMINARIA SOLAR | RENOVAR ENERGIA","isPartOf":{"@id":"https:\/\/renovarenergia.com.ar\/#website"},"datePublished":"2024-11-29T10:52:52+00:00","dateModified":"2025-02-10T13:52:44+00:00","breadcrumb":{"@id":"https:\/\/renovarenergia.com.ar\/?page_id=309#breadcrumb"},"inLanguage":"en-US","potentialAction":[{"@type":"ReadAction","target":["https:\/\/renovarenergia.com.ar\/?page_id=309"]}]},{"@type":"BreadcrumbList","@id":"https:\/\/renovarenergia.com.ar\/?page_id=309#breadcrumb","itemListElement":[{"@type":"ListItem","position":1,"name":"Home","item":"https:\/\/renovarenergia.com.ar\/?page_id=15"},{"@type":"ListItem","position":2,"name":"LUMINARIA SOLAR"}]},{"@type":"WebSite","@id":"https:\/\/renovarenergia.com.ar\/#website","url":"https:\/\/renovarenergia.com.ar\/","name":"My Blog","description":"My WordPress Blog","potentialAction":[{"@type":"SearchAction","target":{"@type":"EntryPoint","urlTemplate":"https:\/\/renovarenergia.com.ar\/?s={search_term_string}"},"query-input":{"@type":"PropertyValueSpecification","valueRequired":true,"valueName":"search_term_string"}}],"inLanguage":"en-US"}]}},"acf":[],"_links":{"self":[{"href":"https:\/\/renovarenergia.com.ar\/index.php?rest_route=\/wp\/v2\/pages\/309","targetHints":{"allow":["GET"]}}],"collection":[{"href":"https:\/\/renovarenergia.com.ar\/index.php?rest_route=\/wp\/v2\/pages"}],"about":[{"href":"https:\/\/renovarenergia.com.ar\/index.php?rest_route=\/wp\/v2\/types\/page"}],"author":[{"embeddable":true,"href":"https:\/\/renovarenergia.com.ar\/index.php?rest_route=\/wp\/v2\/users\/1"}],"replies":[{"embeddable":true,"href":"https:\/\/renovarenergia.com.ar\/index.php?rest_route=%2Fwp%2Fv2%2Fcomments&post=309"}],"version-history":[{"count":4,"href":"https:\/\/renovarenergia.com.ar\/index.php?rest_route=\/wp\/v2\/pages\/309\/revisions"}],"predecessor-version":[{"id":418,"href":"https:\/\/renovarenergia.com.ar\/index.php?rest_route=\/wp\/v2\/pages\/309\/revisions\/418"}],"wp:attachment":[{"href":"https:\/\/renovarenergia.com.ar\/index.php?rest_route=%2Fwp%2Fv2%2Fmedia&parent=309"}],"curies":[{"name":"wp","href":"https:\/\/api.w.org\/{rel}","templated":true}]}}