{"id":342,"date":"2025-01-12T16:31:26","date_gmt":"2025-01-12T16:31:26","guid":{"rendered":"https:\/\/renovarenergia.com.ar\/?page_id=342"},"modified":"2025-01-12T21:45:36","modified_gmt":"2025-01-12T21:45:36","slug":"energia-solar-comercial-y-residencial","status":"publish","type":"page","link":"https:\/\/renovarenergia.com.ar\/?page_id=342","title":{"rendered":"COMERCIAL \/ RESIDENCIAL"},"content":{"rendered":"<div id='layer_slider_1'  class='avia-layerslider main_color avia-shadow  avia-builder-el-0  el_before_av_one_half  avia-builder-el-first  container_wrap fullsize'  style='height: 721px;'  ><\/div><div id='after_layer_slider_1'  class='main_color av_default_container_wrap container_wrap fullsize'  ><div class='container av-section-cont-open' ><div class='template-page content  av-content-full alpha units'><div class='post-entry post-entry-type-page post-entry-342'><div class='entry-content-wrapper clearfix'>\n<div  class='flex_column av-9vvzq-ee93f3c0bc0520da519f3f88e982971e av_one_half  avia-builder-el-1  el_after_av_layerslider  el_before_av_one_half  avia-builder-el-first  first flex_column_div  '     ><style type=\"text\/css\" data-created_by=\"avia_inline_auto\" id=\"style-css-av-m5tvja2n-463070387cbbca379d213fd084cfdf0d\">\n.avia-image-container.av-m5tvja2n-463070387cbbca379d213fd084cfdf0d img.avia_image{\nbox-shadow:none;\n}\n.avia-image-container.av-m5tvja2n-463070387cbbca379d213fd084cfdf0d .av-image-caption-overlay-center{\ncolor:#ffffff;\n}\n<\/style>\n<div  class='avia-image-container av-m5tvja2n-463070387cbbca379d213fd084cfdf0d av-styling- avia-align-center  avia-builder-el-2  avia-builder-el-no-sibling '   itemprop=\"image\" itemscope=\"itemscope\" itemtype=\"https:\/\/schema.org\/ImageObject\" ><div class=\"avia-image-container-inner\"><div class=\"avia-image-overlay-wrap\"><img decoding=\"async\" fetchpriority=\"high\" class='wp-image-346 avia-img-lazy-loading-not-346 avia_image ' src=\"https:\/\/renovarenergia.com.ar\/wp-content\/uploads\/2025\/01\/ongrid-294x300.jpg\" alt='' title=''  height=\"300\" width=\"294\"  itemprop=\"thumbnailUrl\" srcset=\"https:\/\/renovarenergia.com.ar\/wp-content\/uploads\/2025\/01\/ongrid-294x300.jpg 294w, https:\/\/renovarenergia.com.ar\/wp-content\/uploads\/2025\/01\/ongrid-768x784.jpg 768w, https:\/\/renovarenergia.com.ar\/wp-content\/uploads\/2025\/01\/ongrid-36x36.jpg 36w, https:\/\/renovarenergia.com.ar\/wp-content\/uploads\/2025\/01\/ongrid-691x705.jpg 691w, https:\/\/renovarenergia.com.ar\/wp-content\/uploads\/2025\/01\/ongrid.jpg 882w\" sizes=\"(max-width: 294px) 100vw, 294px\" \/><\/div><\/div><\/div><\/div><div  class='flex_column av-2n6t8e-a737bd344b0a34b569b0e8214db61b48 av_one_half  avia-builder-el-3  el_after_av_one_half  el_before_av_one_fifth  flex_column_div  '     ><p>\n<style type=\"text\/css\" data-created_by=\"avia_inline_auto\" id=\"style-css-av-m5tvtt2f-bcd872912d924709ba617d164bc77ca8\">\n#top .hr.hr-invisible.av-m5tvtt2f-bcd872912d924709ba617d164bc77ca8{\nheight:5px;\n}\n<\/style>\n<div  class='hr av-m5tvtt2f-bcd872912d924709ba617d164bc77ca8 hr-invisible  avia-builder-el-4  el_before_av_heading  avia-builder-el-first '><span class='hr-inner '><span class=\"hr-inner-style\"><\/span><\/span><\/div><br \/>\n\n<style type=\"text\/css\" data-created_by=\"avia_inline_auto\" id=\"style-css-av-m5tvkx1t-b3e78a12379331a20fd898cfb421d9ea\">\n#top .av-special-heading.av-m5tvkx1t-b3e78a12379331a20fd898cfb421d9ea{\npadding-bottom:10px;\ncolor:#53b200;\n}\nbody .av-special-heading.av-m5tvkx1t-b3e78a12379331a20fd898cfb421d9ea .av-special-heading-tag .heading-char{\nfont-size:25px;\n}\n#top #wrap_all .av-special-heading.av-m5tvkx1t-b3e78a12379331a20fd898cfb421d9ea .av-special-heading-tag{\nfont-size:40px;\n}\n.av-special-heading.av-m5tvkx1t-b3e78a12379331a20fd898cfb421d9ea .special-heading-inner-border{\nborder-color:#53b200;\n}\n.av-special-heading.av-m5tvkx1t-b3e78a12379331a20fd898cfb421d9ea .av-subheading{\nfont-size:15px;\n}\n<\/style>\n<div  class='av-special-heading av-m5tvkx1t-b3e78a12379331a20fd898cfb421d9ea av-special-heading-h1 custom-color-heading  avia-builder-el-5  el_after_av_hr  el_before_av_textblock '><h1 class='av-special-heading-tag '  itemprop=\"headline\"  >SISTEMA FOTOVOLTAICO ON GRID<\/h1><div class=\"special-heading-border\"><div class=\"special-heading-inner-border\"><\/div><\/div><\/div><br \/>\n\n<style type=\"text\/css\" data-created_by=\"avia_inline_auto\" id=\"style-css-av-m5tvlw2w-020006c3ae75318c33dc7956033b54fa\">\n#top .av_textblock_section.av-m5tvlw2w-020006c3ae75318c33dc7956033b54fa .avia_textblock{\nfont-size:18px;\n}\n<\/style>\n<section  class='av_textblock_section av-m5tvlw2w-020006c3ae75318c33dc7956033b54fa '   itemscope=\"itemscope\" itemtype=\"https:\/\/schema.org\/CreativeWork\" ><div class='avia_textblock'  itemprop=\"text\" ><p>Usa la electricidad demandada en la vivienda y el resto se inyecta a la red p\u00fablica. Luego, este excedente de energ\u00eda, puede ser utilizado durante el transcurso de un a\u00f1o seg\u00fan la legislaci\u00f3n de cada provincia. Ideal para ubicaciones en donde llega la red el\u00e9ctrica.<\/p>\n<\/div><\/section><\/p><\/div><div  class='flex_column av-2cybsu-a2932a83c16572e277d6f8648c999985 av_one_fifth  avia-builder-el-7  el_after_av_one_half  el_before_av_one_fifth  first flex_column_div  column-top-margin'     ><style type=\"text\/css\" data-created_by=\"avia_inline_auto\" id=\"style-css-av-m5tw8sdi-d19d6050460eaad8f7fac65a1be5f649\">\n.av_font_icon.av-m5tw8sdi-d19d6050460eaad8f7fac65a1be5f649{\ncolor:#393075;\nborder-color:#393075;\n}\n.av_font_icon.av-m5tw8sdi-d19d6050460eaad8f7fac65a1be5f649 .av-icon-char{\nfont-size:60px;\nline-height:60px;\nwidth:60px;\n}\n<\/style>\n<span  class='av_font_icon av-m5tw8sdi-d19d6050460eaad8f7fac65a1be5f649 avia_animate_when_visible av-icon-style-border avia-icon-pos-center avia-icon-animate'><span class='av-icon-char' aria-hidden='true' data-av_icon='\ue8a9' data-av_iconfont='entypo-fontello' ><\/span><span class='av_icon_caption av-special-font'>NO UTILIZA BATER\u00cdAS<\/span><\/span><\/div><div  class='flex_column av-2amo86-b31caab42a2564c0f65eb3ec2396d5a3 av_one_fifth  avia-builder-el-9  el_after_av_one_fifth  el_before_av_one_fifth  flex_column_div  column-top-margin'     ><style type=\"text\/css\" data-created_by=\"avia_inline_auto\" id=\"style-css-av-m5twfc6r-73383a69a08e83896aaa2bc9f2e964bc\">\n.av_font_icon.av-m5twfc6r-73383a69a08e83896aaa2bc9f2e964bc{\ncolor:#393075;\nborder-color:#393075;\n}\n.av_font_icon.av-m5twfc6r-73383a69a08e83896aaa2bc9f2e964bc .av-icon-char{\nfont-size:60px;\nline-height:60px;\nwidth:60px;\n}\n<\/style>\n<span  class='av_font_icon av-m5twfc6r-73383a69a08e83896aaa2bc9f2e964bc avia_animate_when_visible av-icon-style-border avia-icon-pos-center avia-icon-animate'><span class='av-icon-char' aria-hidden='true' data-av_icon='\ue863' data-av_iconfont='entypo-fontello' ><\/span><span class='av_icon_caption av-special-font'>30 A\u00d1OS DE VIDA \u00daTIL<\/span><\/span><\/div><div  class='flex_column av-24syue-747d89f29b729520e49c2a054503e93e av_one_fifth  avia-builder-el-11  el_after_av_one_fifth  el_before_av_one_fifth  flex_column_div  column-top-margin'     ><style type=\"text\/css\" data-created_by=\"avia_inline_auto\" id=\"style-css-av-m5twgj3e-1823a50b643502cc714b5996c8bd0b3b\">\n.av_font_icon.av-m5twgj3e-1823a50b643502cc714b5996c8bd0b3b{\ncolor:#393075;\nborder-color:#393075;\n}\n.av_font_icon.av-m5twgj3e-1823a50b643502cc714b5996c8bd0b3b .av-icon-char{\nfont-size:60px;\nline-height:60px;\nwidth:60px;\n}\n<\/style>\n<span  class='av_font_icon av-m5twgj3e-1823a50b643502cc714b5996c8bd0b3b avia_animate_when_visible av-icon-style-border avia-icon-pos-center avia-icon-animate'><span class='av-icon-char' aria-hidden='true' data-av_icon='\ue8b8' data-av_iconfont='entypo-fontello' ><\/span><span class='av_icon_caption av-special-font'>REDUCCI\u00d3N M\u00c1XIMA DE CO2<\/span><\/span><\/div><div  class='flex_column av-1w6ix2-71c30990abb1177a598ad1faccc1228a av_one_fifth  avia-builder-el-13  el_after_av_one_fifth  el_before_av_one_fifth  flex_column_div  column-top-margin'     ><style type=\"text\/css\" data-created_by=\"avia_inline_auto\" id=\"style-css-av-m5twqq2p-a0a252d6b31a481e86debc7313af3a03\">\n.av_font_icon.av-m5twqq2p-a0a252d6b31a481e86debc7313af3a03{\ncolor:#393075;\nborder-color:#393075;\n}\n.av_font_icon.av-m5twqq2p-a0a252d6b31a481e86debc7313af3a03 .av-icon-char{\nfont-size:60px;\nline-height:60px;\nwidth:60px;\n}\n<\/style>\n<span  class='av_font_icon av-m5twqq2p-a0a252d6b31a481e86debc7313af3a03 avia_animate_when_visible av-icon-style-border avia-icon-pos-center avia-icon-animate'><span class='av-icon-char' aria-hidden='true' data-av_icon='\ue890' data-av_iconfont='entypo-fontello' ><\/span><span class='av_icon_caption av-special-font'>MENOR PLAZO DE RECUPERO DE INVERSI\u00d3N<\/span><\/span><\/div><div  class='flex_column av-1rcaji-a7447154109900af4e24ff21bb9cc794 av_one_fifth  avia-builder-el-15  el_after_av_one_fifth  el_before_av_one_half  flex_column_div  column-top-margin'     ><style type=\"text\/css\" data-created_by=\"avia_inline_auto\" id=\"style-css-av-m5tx0sxr-2d25cc023a24a1f3fdb1f108747ed9fd\">\n.av_font_icon.av-m5tx0sxr-2d25cc023a24a1f3fdb1f108747ed9fd{\ncolor:#393075;\nborder-color:#393075;\n}\n.av_font_icon.av-m5tx0sxr-2d25cc023a24a1f3fdb1f108747ed9fd .av-icon-char{\nfont-size:60px;\nline-height:60px;\nwidth:60px;\n}\n<\/style>\n<span  class='av_font_icon av-m5tx0sxr-2d25cc023a24a1f3fdb1f108747ed9fd avia_animate_when_visible av-icon-style-border avia-icon-pos-center avia-icon-animate'><span class='av-icon-char' aria-hidden='true' data-av_icon='\ue8a7' data-av_iconfont='entypo-fontello' ><\/span><span class='av_icon_caption av-special-font'>MONITOREO DE GENERACI\u00d3N<\/span><\/span><\/div><div  class='flex_column av-1ltoum-2f9cd9d0e640019a224508b2384de761 av_one_half  avia-builder-el-17  el_after_av_one_fifth  el_before_av_one_half  first flex_column_div  column-top-margin'     ><p>\n<style type=\"text\/css\" data-created_by=\"avia_inline_auto\" id=\"style-css-av-1d0tfy-df7f3310020367464442bbd843953e6e\">\n#top .hr.hr-invisible.av-1d0tfy-df7f3310020367464442bbd843953e6e{\nheight:5px;\n}\n<\/style>\n<div  class='hr av-1d0tfy-df7f3310020367464442bbd843953e6e hr-invisible  avia-builder-el-18  el_before_av_heading  avia-builder-el-first '><span class='hr-inner '><span class=\"hr-inner-style\"><\/span><\/span><\/div><br \/>\n\n<style type=\"text\/css\" data-created_by=\"avia_inline_auto\" id=\"style-css-av-m5tx2w3d-2362b7634567ce81b29590d9ef60f760\">\n#top .av-special-heading.av-m5tx2w3d-2362b7634567ce81b29590d9ef60f760{\npadding-bottom:10px;\ncolor:#9e0000;\n}\nbody .av-special-heading.av-m5tx2w3d-2362b7634567ce81b29590d9ef60f760 .av-special-heading-tag .heading-char{\nfont-size:25px;\n}\n#top #wrap_all .av-special-heading.av-m5tx2w3d-2362b7634567ce81b29590d9ef60f760 .av-special-heading-tag{\nfont-size:40px;\n}\n.av-special-heading.av-m5tx2w3d-2362b7634567ce81b29590d9ef60f760 .special-heading-inner-border{\nborder-color:#9e0000;\n}\n.av-special-heading.av-m5tx2w3d-2362b7634567ce81b29590d9ef60f760 .av-subheading{\nfont-size:15px;\n}\n<\/style>\n<div  class='av-special-heading av-m5tx2w3d-2362b7634567ce81b29590d9ef60f760 av-special-heading-h1 custom-color-heading  avia-builder-el-19  el_after_av_hr  el_before_av_textblock '><h1 class='av-special-heading-tag '  itemprop=\"headline\"  >SISTEMA FOTOVOLTAICO OFF GRID<\/h1><div class=\"special-heading-border\"><div class=\"special-heading-inner-border\"><\/div><\/div><\/div><br \/>\n\n<style type=\"text\/css\" data-created_by=\"avia_inline_auto\" id=\"style-css-av-m5tx4a5n-ba8ec2ecc66ae532bfca6eb839d5aaf2\">\n#top .av_textblock_section.av-m5tx4a5n-ba8ec2ecc66ae532bfca6eb839d5aaf2 .avia_textblock{\nfont-size:18px;\n}\n<\/style>\n<section  class='av_textblock_section av-m5tx4a5n-ba8ec2ecc66ae532bfca6eb839d5aaf2 '   itemscope=\"itemscope\" itemtype=\"https:\/\/schema.org\/CreativeWork\" ><div class='avia_textblock'  itemprop=\"text\" ><p>Un sistema\u00a0<strong>fotovoltaico Off Grid<\/strong>, tiene la posibilidad de generar energ\u00eda el\u00e9ctrica que ser\u00e1 almacenada en el banco de bater\u00edas para su posterior uso. Puede luego distribuirse en corriente alterna o en corriente continua, seg\u00fan el proyecto. Recomendado para zonas que no poseen energ\u00eda el\u00e9ctrica.<\/p>\n<\/div><\/section><\/p><\/div><div  class='flex_column av-16yu7y-a49cd6c01a2076a5d7142d00b8af94ee av_one_half  avia-builder-el-21  el_after_av_one_half  el_before_av_section  avia-builder-el-last  flex_column_div  column-top-margin'     ><p>\n<style type=\"text\/css\" data-created_by=\"avia_inline_auto\" id=\"style-css-av-m5tx7x0x-97eecf0bda9898a14d706f957a910b1e\">\n#top .hr.hr-invisible.av-m5tx7x0x-97eecf0bda9898a14d706f957a910b1e{\nheight:30px;\n}\n<\/style>\n<div  class='hr av-m5tx7x0x-97eecf0bda9898a14d706f957a910b1e hr-invisible  avia-builder-el-22  el_before_av_image  avia-builder-el-first '><span class='hr-inner '><span class=\"hr-inner-style\"><\/span><\/span><\/div><br \/>\n\n<style type=\"text\/css\" data-created_by=\"avia_inline_auto\" id=\"style-css-av-m5tx5es2-1063c6969946979d8f1be424c4c6020d\">\n.avia-image-container.av-m5tx5es2-1063c6969946979d8f1be424c4c6020d img.avia_image{\nbox-shadow:none;\n}\n.avia-image-container.av-m5tx5es2-1063c6969946979d8f1be424c4c6020d .av-image-caption-overlay-center{\ncolor:#ffffff;\n}\n<\/style>\n<div  class='avia-image-container av-m5tx5es2-1063c6969946979d8f1be424c4c6020d av-styling- avia-align-center  avia-builder-el-23  el_after_av_hr  avia-builder-el-last '   itemprop=\"image\" itemscope=\"itemscope\" itemtype=\"https:\/\/schema.org\/ImageObject\" ><div class=\"avia-image-container-inner\"><div class=\"avia-image-overlay-wrap\"><img decoding=\"async\" fetchpriority=\"high\" class='wp-image-372 avia-img-lazy-loading-not-372 avia_image ' src=\"https:\/\/renovarenergia.com.ar\/wp-content\/uploads\/2025\/01\/huawei.jpg\" alt='' title=''  height=\"225\" width=\"225\"  itemprop=\"thumbnailUrl\" srcset=\"https:\/\/renovarenergia.com.ar\/wp-content\/uploads\/2025\/01\/huawei.jpg 225w, https:\/\/renovarenergia.com.ar\/wp-content\/uploads\/2025\/01\/huawei-80x80.jpg 80w, https:\/\/renovarenergia.com.ar\/wp-content\/uploads\/2025\/01\/huawei-36x36.jpg 36w, https:\/\/renovarenergia.com.ar\/wp-content\/uploads\/2025\/01\/huawei-180x180.jpg 180w\" sizes=\"(max-width: 225px) 100vw, 225px\" \/><\/div><\/div><\/div><\/p><\/div><\/div><\/div><\/div><!-- close content main div --><\/div><\/div>\n<style type=\"text\/css\" data-created_by=\"avia_inline_auto\" id=\"style-css-av-433se-22ce0deaab9346e53b0b51ccce355104\">\n.avia-section.av-433se-22ce0deaab9346e53b0b51ccce355104{\nbackground-repeat:no-repeat;\nbackground-image:url(https:\/\/renovarenergia.com.ar\/wp-content\/uploads\/2024\/10\/pexels-pixabay-53594-1-scaled.jpg);\nbackground-position:50% 50%;\nbackground-attachment:scroll;\n}\n<\/style>\n<div id='av_section_1'  class='avia-section av-433se-22ce0deaab9346e53b0b51ccce355104 main_color avia-section-default avia-shadow  avia-builder-el-24  el_after_av_one_half  avia-builder-el-last  avia-bg-style-scroll av-minimum-height av-minimum-height-custom av-height-custom  container_wrap fullsize'  data-section-bg-repeat='no-repeat' data-av_minimum_height_px='300'><div class='container av-section-cont-open' style='height:300px'><div class='template-page content  av-content-full alpha units'><div class='post-entry post-entry-type-page post-entry-342'><div class='entry-content-wrapper clearfix'>\n\n<style type=\"text\/css\" data-created_by=\"avia_inline_auto\" id=\"style-css-av-wmyvi-76eda82f0ff375f94df0029483081754\">\n#top .av-special-heading.av-wmyvi-76eda82f0ff375f94df0029483081754{\npadding-bottom:10px;\ncolor:#ffffff;\n}\nbody .av-special-heading.av-wmyvi-76eda82f0ff375f94df0029483081754 .av-special-heading-tag .heading-char{\nfont-size:25px;\n}\n.av-special-heading.av-wmyvi-76eda82f0ff375f94df0029483081754 .special-heading-inner-border{\nborder-color:#ffffff;\n}\n.av-special-heading.av-wmyvi-76eda82f0ff375f94df0029483081754 .av-subheading{\nfont-size:15px;\n}\n<\/style>\n<div  class='av-special-heading av-wmyvi-76eda82f0ff375f94df0029483081754 av-special-heading-h1 custom-color-heading blockquote modern-quote modern-centered  avia-builder-el-25  el_before_av_hr  avia-builder-el-first '><h1 class='av-special-heading-tag '  itemprop=\"headline\"  >\u00bfTENES UNA PREGUNTA O NECESITAS UN PRESUPUESTO?<\/h1><div class=\"special-heading-border\"><div class=\"special-heading-inner-border\"><\/div><\/div><\/div>\n\n<style type=\"text\/css\" data-created_by=\"avia_inline_auto\" id=\"style-css-av-rrypy-e7fa93681cbe8d212405d34883f6935d\">\n#top .hr.hr-invisible.av-rrypy-e7fa93681cbe8d212405d34883f6935d{\nheight:20px;\n}\n<\/style>\n<div  class='hr av-rrypy-e7fa93681cbe8d212405d34883f6935d hr-invisible  avia-builder-el-26  el_after_av_heading  el_before_av_textblock '><span class='hr-inner '><span class=\"hr-inner-style\"><\/span><\/span><\/div>\n\n<style type=\"text\/css\" data-created_by=\"avia_inline_auto\" id=\"style-css-av-kkgwe-5f83901bdace9fd1a4e57e00a87c41a1\">\n#top .av_textblock_section.av-kkgwe-5f83901bdace9fd1a4e57e00a87c41a1 .avia_textblock{\ncolor:#f2f2f2;\n}\n<\/style>\n<section  class='av_textblock_section av-kkgwe-5f83901bdace9fd1a4e57e00a87c41a1 '   itemscope=\"itemscope\" itemtype=\"https:\/\/schema.org\/CreativeWork\" ><div class='avia_textblock av_inherit_color'  itemprop=\"text\" ><h2 style=\"text-align: center;\">CONT\u00c1CTANOS Y TE LLAMAMOS<\/h2>\n<\/div><\/section>\n\n<style type=\"text\/css\" data-created_by=\"avia_inline_auto\" id=\"style-css-av-4jue-7d33ff6a31cde90fdc2e05f8869a6a51\">\n#top .hr.hr-invisible.av-4jue-7d33ff6a31cde90fdc2e05f8869a6a51{\nheight:20px;\n}\n<\/style>\n<div  class='hr av-4jue-7d33ff6a31cde90fdc2e05f8869a6a51 hr-invisible  avia-builder-el-28  el_after_av_textblock  el_before_av_button '><span class='hr-inner '><span class=\"hr-inner-style\"><\/span><\/span><\/div>\n<div  class='avia-button-wrap av-a5d1i-fbf4b0a7e85ca60763c2a08dadbfc9a2-wrap avia-button-center  avia-builder-el-29  el_after_av_hr  avia-builder-el-last '>\n<style type=\"text\/css\" data-created_by=\"avia_inline_auto\" id=\"style-css-av-a5d1i-fbf4b0a7e85ca60763c2a08dadbfc9a2\">\n#top #wrap_all .avia-button.av-a5d1i-fbf4b0a7e85ca60763c2a08dadbfc9a2{\nfont-size:20px;\nborder-style:double;\ntransition:all 0.4s ease-in-out;\n}\n<\/style>\n<a href='https:\/\/renovarenergia.com.ar\/?page_id=25'  class='avia-button av-a5d1i-fbf4b0a7e85ca60763c2a08dadbfc9a2 av-link-btn avia-icon_select-no avia-size-x-large avia-position-center avia-color-light'   aria-label=\"CONTACTO\"><span class='avia_iconbox_title' >CONTACTO<\/span><\/a><\/div>\n<\/p>\n","protected":false},"excerpt":{"rendered":"","protected":false},"author":1,"featured_media":0,"parent":0,"menu_order":0,"comment_status":"closed","ping_status":"closed","template":"","meta":{"_acf_changed":false,"footnotes":""},"class_list":["post-342","page","type-page","status-publish","hentry"],"yoast_head":"<!-- This site is optimized with the Yoast SEO plugin v23.7 - https:\/\/yoast.com\/wordpress\/plugins\/seo\/ -->\n<title>COMERCIAL \/ RESIDENCIAL | RENOVAR ENERG\u00cdA<\/title>\n<meta name=\"robots\" content=\"index, follow, max-snippet:-1, max-image-preview:large, max-video-preview:-1\" \/>\n<link rel=\"canonical\" href=\"https:\/\/renovarenergia.com.ar\/?page_id=342\" \/>\n<meta property=\"og:locale\" content=\"en_US\" \/>\n<meta property=\"og:type\" content=\"article\" \/>\n<meta property=\"og:title\" content=\"COMERCIAL \/ RESIDENCIAL | RENOVAR ENERG\u00cdA\" \/>\n<meta property=\"og:url\" content=\"https:\/\/renovarenergia.com.ar\/?page_id=342\" \/>\n<meta property=\"og:site_name\" content=\"My Blog\" \/>\n<meta property=\"article:modified_time\" content=\"2025-01-12T21:45:36+00:00\" \/>\n<meta name=\"twitter:card\" content=\"summary_large_image\" \/>\n<meta name=\"twitter:label1\" content=\"Est. reading time\" \/>\n\t<meta name=\"twitter:data1\" content=\"2 minutes\" \/>\n<script type=\"application\/ld+json\" class=\"yoast-schema-graph\">{\"@context\":\"https:\/\/schema.org\",\"@graph\":[{\"@type\":\"WebPage\",\"@id\":\"https:\/\/renovarenergia.com.ar\/?page_id=342\",\"url\":\"https:\/\/renovarenergia.com.ar\/?page_id=342\",\"name\":\"COMERCIAL \/ RESIDENCIAL | RENOVAR ENERG\u00cdA\",\"isPartOf\":{\"@id\":\"https:\/\/renovarenergia.com.ar\/#website\"},\"datePublished\":\"2025-01-12T16:31:26+00:00\",\"dateModified\":\"2025-01-12T21:45:36+00:00\",\"breadcrumb\":{\"@id\":\"https:\/\/renovarenergia.com.ar\/?page_id=342#breadcrumb\"},\"inLanguage\":\"en-US\",\"potentialAction\":[{\"@type\":\"ReadAction\",\"target\":[\"https:\/\/renovarenergia.com.ar\/?page_id=342\"]}]},{\"@type\":\"BreadcrumbList\",\"@id\":\"https:\/\/renovarenergia.com.ar\/?page_id=342#breadcrumb\",\"itemListElement\":[{\"@type\":\"ListItem\",\"position\":1,\"name\":\"Home\",\"item\":\"https:\/\/renovarenergia.com.ar\/?page_id=15\"},{\"@type\":\"ListItem\",\"position\":2,\"name\":\"COMERCIAL \/ RESIDENCIAL\"}]},{\"@type\":\"WebSite\",\"@id\":\"https:\/\/renovarenergia.com.ar\/#website\",\"url\":\"https:\/\/renovarenergia.com.ar\/\",\"name\":\"My Blog\",\"description\":\"My WordPress Blog\",\"potentialAction\":[{\"@type\":\"SearchAction\",\"target\":{\"@type\":\"EntryPoint\",\"urlTemplate\":\"https:\/\/renovarenergia.com.ar\/?s={search_term_string}\"},\"query-input\":{\"@type\":\"PropertyValueSpecification\",\"valueRequired\":true,\"valueName\":\"search_term_string\"}}],\"inLanguage\":\"en-US\"}]}<\/script>\n<!-- \/ Yoast SEO plugin. -->","yoast_head_json":{"title":"COMERCIAL \/ RESIDENCIAL | RENOVAR ENERG\u00cdA","robots":{"index":"index","follow":"follow","max-snippet":"max-snippet:-1","max-image-preview":"max-image-preview:large","max-video-preview":"max-video-preview:-1"},"canonical":"https:\/\/renovarenergia.com.ar\/?page_id=342","og_locale":"en_US","og_type":"article","og_title":"COMERCIAL \/ RESIDENCIAL | RENOVAR ENERG\u00cdA","og_url":"https:\/\/renovarenergia.com.ar\/?page_id=342","og_site_name":"My Blog","article_modified_time":"2025-01-12T21:45:36+00:00","twitter_card":"summary_large_image","twitter_misc":{"Est. reading time":"2 minutes"},"schema":{"@context":"https:\/\/schema.org","@graph":[{"@type":"WebPage","@id":"https:\/\/renovarenergia.com.ar\/?page_id=342","url":"https:\/\/renovarenergia.com.ar\/?page_id=342","name":"COMERCIAL \/ RESIDENCIAL | RENOVAR ENERG\u00cdA","isPartOf":{"@id":"https:\/\/renovarenergia.com.ar\/#website"},"datePublished":"2025-01-12T16:31:26+00:00","dateModified":"2025-01-12T21:45:36+00:00","breadcrumb":{"@id":"https:\/\/renovarenergia.com.ar\/?page_id=342#breadcrumb"},"inLanguage":"en-US","potentialAction":[{"@type":"ReadAction","target":["https:\/\/renovarenergia.com.ar\/?page_id=342"]}]},{"@type":"BreadcrumbList","@id":"https:\/\/renovarenergia.com.ar\/?page_id=342#breadcrumb","itemListElement":[{"@type":"ListItem","position":1,"name":"Home","item":"https:\/\/renovarenergia.com.ar\/?page_id=15"},{"@type":"ListItem","position":2,"name":"COMERCIAL \/ RESIDENCIAL"}]},{"@type":"WebSite","@id":"https:\/\/renovarenergia.com.ar\/#website","url":"https:\/\/renovarenergia.com.ar\/","name":"My Blog","description":"My WordPress Blog","potentialAction":[{"@type":"SearchAction","target":{"@type":"EntryPoint","urlTemplate":"https:\/\/renovarenergia.com.ar\/?s={search_term_string}"},"query-input":{"@type":"PropertyValueSpecification","valueRequired":true,"valueName":"search_term_string"}}],"inLanguage":"en-US"}]}},"acf":[],"_links":{"self":[{"href":"https:\/\/renovarenergia.com.ar\/index.php?rest_route=\/wp\/v2\/pages\/342","targetHints":{"allow":["GET"]}}],"collection":[{"href":"https:\/\/renovarenergia.com.ar\/index.php?rest_route=\/wp\/v2\/pages"}],"about":[{"href":"https:\/\/renovarenergia.com.ar\/index.php?rest_route=\/wp\/v2\/types\/page"}],"author":[{"embeddable":true,"href":"https:\/\/renovarenergia.com.ar\/index.php?rest_route=\/wp\/v2\/users\/1"}],"replies":[{"embeddable":true,"href":"https:\/\/renovarenergia.com.ar\/index.php?rest_route=%2Fwp%2Fv2%2Fcomments&post=342"}],"version-history":[{"count":29,"href":"https:\/\/renovarenergia.com.ar\/index.php?rest_route=\/wp\/v2\/pages\/342\/revisions"}],"predecessor-version":[{"id":391,"href":"https:\/\/renovarenergia.com.ar\/index.php?rest_route=\/wp\/v2\/pages\/342\/revisions\/391"}],"wp:attachment":[{"href":"https:\/\/renovarenergia.com.ar\/index.php?rest_route=%2Fwp%2Fv2%2Fmedia&parent=342"}],"curies":[{"name":"wp","href":"https:\/\/api.w.org\/{rel}","templated":true}]}}