{"id":435,"date":"2025-02-10T17:18:10","date_gmt":"2025-02-10T17:18:10","guid":{"rendered":"https:\/\/renovarenergia.com.ar\/?page_id=435"},"modified":"2025-02-19T17:40:41","modified_gmt":"2025-02-19T17:40:41","slug":"cctv-solar","status":"publish","type":"page","link":"https:\/\/renovarenergia.com.ar\/?page_id=435","title":{"rendered":"CCTV SOLAR"},"content":{"rendered":"<div  class='flex_column av-gsayr-706ab034fb5fcfc92636f7f74c8014cd av_one_half  avia-builder-el-0  el_before_av_one_half  avia-builder-el-first  first flex_column_div  '     ><p>\n<style type=\"text\/css\" data-created_by=\"avia_inline_auto\" id=\"style-css-av-m6zsdycm-2252d21fb915f2dc9ac3a8dee6f4ce87\">\n#top .av-special-heading.av-m6zsdycm-2252d21fb915f2dc9ac3a8dee6f4ce87{\npadding-bottom:10px;\n}\nbody .av-special-heading.av-m6zsdycm-2252d21fb915f2dc9ac3a8dee6f4ce87 .av-special-heading-tag .heading-char{\nfont-size:25px;\n}\n.av-special-heading.av-m6zsdycm-2252d21fb915f2dc9ac3a8dee6f4ce87 .av-subheading{\nfont-size:15px;\n}\n<\/style>\n<div  class='av-special-heading av-m6zsdycm-2252d21fb915f2dc9ac3a8dee6f4ce87 av-special-heading-h1  avia-builder-el-1  el_before_av_textblock  avia-builder-el-first '><h1 class='av-special-heading-tag '  itemprop=\"headline\"  >CCTV SOLAR<\/h1><div class=\"special-heading-border\"><div class=\"special-heading-inner-border\"><\/div><\/div><\/div><br \/>\n\n<style type=\"text\/css\" data-created_by=\"avia_inline_auto\" id=\"style-css-av-m6zsho9f-4b0f831297fd356938ebb16c713bb53f\">\n#top .av_textblock_section.av-m6zsho9f-4b0f831297fd356938ebb16c713bb53f .avia_textblock{\nfont-size:18px;\n}\n<\/style>\n<section  class='av_textblock_section av-m6zsho9f-4b0f831297fd356938ebb16c713bb53f '   itemscope=\"itemscope\" itemtype=\"https:\/\/schema.org\/CreativeWork\" ><div class='avia_textblock'  itemprop=\"text\" ><p>Nuestra c\u00e1mara CCTV alimentada por energ\u00eda solar es una soluci\u00f3n ideal para lugares aislados en donde es muy costoso realizar una conexi\u00f3n el\u00e9ctrica. Se pueden instalar hasta ocho c\u00e1maras en una misma unidad permitiendo grabar en vivo desde muchos \u00e1ngulos garantizando la seguridad en una zona determinada.<\/p>\n<\/div><\/section><br \/>\n\n<style type=\"text\/css\" data-created_by=\"avia_inline_auto\" id=\"style-css-av-m6zsm0qu-4f95a04a539066c6fa772bd44085759e\">\n#top .avia-icon-list-container.av-m6zsm0qu-4f95a04a539066c6fa772bd44085759e .iconlist_icon{\nbackground-color:#83bf93;\nbackground:linear-gradient( to bottom, #83bf93, #4ecac2 );\n}\n<\/style>\n<div  class='avia-icon-list-container av-m6zsm0qu-4f95a04a539066c6fa772bd44085759e  avia-builder-el-3  el_after_av_textblock  avia-builder-el-last '><ul class='avia-icon-list avia_animate_when_almost_visible avia-icon-list-left av-iconlist-big av-m6zsm0qu-4f95a04a539066c6fa772bd44085759e avia-iconlist-animate'>\n<li><div class='iconlist_icon av-m6zsk87x-a1bbe14ddecce2c937aaeaf98db4ecb6 avia-font-entypo-fontello'><span class='iconlist-char' aria-hidden='true' data-av_icon='\ue853' data-av_iconfont='entypo-fontello'><\/span><\/div><article class=\"article-icon-entry av-iconlist-empty\"  itemscope=\"itemscope\" itemtype=\"https:\/\/schema.org\/CreativeWork\" ><div class=\"iconlist_content_wrap\"><header class=\"entry-content-header\" aria-label=\"Icon: TRANSMISI\u00d3N INAL\u00c1MBRICA DE DATOS\"><h4 class='av_iconlist_title iconlist_title  '  itemprop=\"headline\" >TRANSMISI\u00d3N INAL\u00c1MBRICA DE DATOS<\/h4><\/header><div class='iconlist_content '  itemprop=\"text\" ><\/div><\/div><footer class=\"entry-footer\"><\/footer><\/article><div class=\"iconlist-timeline\"><\/div><\/li>\n<li><div class='iconlist_icon av-m6zsksol-bfeb5767dc3d2d0b464ebbadb33c9e21 avia-font-entypo-fontello'><span class='iconlist-char' aria-hidden='true' data-av_icon='\ue866' data-av_iconfont='entypo-fontello'><\/span><\/div><article class=\"article-icon-entry av-iconlist-empty\"  itemscope=\"itemscope\" itemtype=\"https:\/\/schema.org\/CreativeWork\" ><div class=\"iconlist_content_wrap\"><header class=\"entry-content-header\" aria-label=\"Icon: SISTEMA AUT\u00d3NOMO\"><h4 class='av_iconlist_title iconlist_title  '  itemprop=\"headline\" >SISTEMA AUT\u00d3NOMO<\/h4><\/header><div class='iconlist_content '  itemprop=\"text\" ><\/div><\/div><footer class=\"entry-footer\"><\/footer><\/article><div class=\"iconlist-timeline\"><\/div><\/li>\n<li><div class='iconlist_icon av-m6zsl9nk-a136a7e68e123fbbf9a56d1a1062a5ea avia-font-entypo-fontello'><span class='iconlist-char' aria-hidden='true' data-av_icon='\ue862' data-av_iconfont='entypo-fontello'><\/span><\/div><article class=\"article-icon-entry av-iconlist-empty\"  itemscope=\"itemscope\" itemtype=\"https:\/\/schema.org\/CreativeWork\" ><div class=\"iconlist_content_wrap\"><header class=\"entry-content-header\" aria-label=\"Icon: VIGILANCIA 24 HORAS\"><h4 class='av_iconlist_title iconlist_title  '  itemprop=\"headline\" >VIGILANCIA 24 HORAS<\/h4><\/header><div class='iconlist_content '  itemprop=\"text\" ><\/div><\/div><footer class=\"entry-footer\"><\/footer><\/article><div class=\"iconlist-timeline\"><\/div><\/li>\n<li><div class='iconlist_icon av-m6zsq0r5-9a70ce6943a3de796b8f3554b40dd0d2 avia-font-entypo-fontello'><span class='iconlist-char' aria-hidden='true' data-av_icon='\ue8d0' data-av_iconfont='entypo-fontello'><\/span><\/div><article class=\"article-icon-entry av-iconlist-empty\"  itemscope=\"itemscope\" itemtype=\"https:\/\/schema.org\/CreativeWork\" ><div class=\"iconlist_content_wrap\"><header class=\"entry-content-header\" aria-label=\"Icon: GUARDADO AUTOM\u00c1TICO\"><h4 class='av_iconlist_title iconlist_title  '  itemprop=\"headline\" >GUARDADO AUTOM\u00c1TICO<\/h4><\/header><div class='iconlist_content '  itemprop=\"text\" ><\/div><\/div><footer class=\"entry-footer\"><\/footer><\/article><div class=\"iconlist-timeline\"><\/div><\/li>\n<\/ul><\/div><\/p><\/div><div  class='flex_column av-abjc3-da3d7435bafd1947e1fb3aca5a14f1b5 av_one_half  avia-builder-el-4  el_after_av_one_half  el_before_av_section  avia-builder-el-last  flex_column_div  '     ><style type=\"text\/css\" data-created_by=\"avia_inline_auto\" id=\"style-css-av-m6zsicz1-9077f8c6b697027905532cb01401a584\">\n.avia-image-container.av-m6zsicz1-9077f8c6b697027905532cb01401a584 img.avia_image{\nbox-shadow:none;\n}\n.avia-image-container.av-m6zsicz1-9077f8c6b697027905532cb01401a584 .av-image-caption-overlay-center{\ncolor:#ffffff;\n}\n<\/style>\n<div  class='avia-image-container av-m6zsicz1-9077f8c6b697027905532cb01401a584 av-styling- avia-align-center  avia-builder-el-5  avia-builder-el-no-sibling '   itemprop=\"image\" itemscope=\"itemscope\" itemtype=\"https:\/\/schema.org\/ImageObject\" ><div class=\"avia-image-container-inner\"><div class=\"avia-image-overlay-wrap\"><img decoding=\"async\" fetchpriority=\"high\" class='wp-image-279 avia-img-lazy-loading-not-279 avia_image ' src=\"https:\/\/renovarenergia.com.ar\/wp-content\/uploads\/2024\/11\/cctv-1.jpg\" alt='' title='CCTV SOLAR'  height=\"555\" width=\"519\"  itemprop=\"thumbnailUrl\" srcset=\"https:\/\/renovarenergia.com.ar\/wp-content\/uploads\/2024\/11\/cctv-1.jpg 519w, https:\/\/renovarenergia.com.ar\/wp-content\/uploads\/2024\/11\/cctv-1-281x300.jpg 281w\" sizes=\"(max-width: 519px) 100vw, 519px\" \/><\/div><\/div><\/div><\/div><\/p>\n<\/div><\/div><\/div><!-- close content main div --><\/div><\/div>\n<style type=\"text\/css\" data-created_by=\"avia_inline_auto\" id=\"style-css-av-125j3f-2474159ad3ba80a4b55c90dedc1e9a97\">\n.avia-section.av-125j3f-2474159ad3ba80a4b55c90dedc1e9a97{\nbackground-repeat:no-repeat;\nbackground-image:url(https:\/\/renovarenergia.com.ar\/wp-content\/uploads\/2024\/10\/pexels-pixabay-53594-1-scaled.jpg);\nbackground-position:50% 50%;\nbackground-attachment:scroll;\n}\n<\/style>\n<div id='av_section_1'  class='avia-section av-125j3f-2474159ad3ba80a4b55c90dedc1e9a97 main_color avia-section-default avia-shadow  avia-builder-el-6  el_after_av_one_half  avia-builder-el-last  avia-bg-style-scroll av-minimum-height av-minimum-height-custom av-height-custom  container_wrap fullsize'  data-section-bg-repeat='no-repeat' data-av_minimum_height_px='300'><div class='container av-section-cont-open' style='height:300px'><div class='template-page content  av-content-full alpha units'><div class='post-entry post-entry-type-page post-entry-435'><div class='entry-content-wrapper clearfix'>\n\n<style type=\"text\/css\" data-created_by=\"avia_inline_auto\" id=\"style-css-av-wpxff-1454b249e3a89a2b30b5ece0318db404\">\n#top .av-special-heading.av-wpxff-1454b249e3a89a2b30b5ece0318db404{\npadding-bottom:10px;\ncolor:#ffffff;\n}\nbody .av-special-heading.av-wpxff-1454b249e3a89a2b30b5ece0318db404 .av-special-heading-tag .heading-char{\nfont-size:25px;\n}\n.av-special-heading.av-wpxff-1454b249e3a89a2b30b5ece0318db404 .special-heading-inner-border{\nborder-color:#ffffff;\n}\n.av-special-heading.av-wpxff-1454b249e3a89a2b30b5ece0318db404 .av-subheading{\nfont-size:15px;\n}\n<\/style>\n<div  class='av-special-heading av-wpxff-1454b249e3a89a2b30b5ece0318db404 av-special-heading-h1 custom-color-heading blockquote modern-quote modern-centered  avia-builder-el-7  el_before_av_hr  avia-builder-el-first '><h1 class='av-special-heading-tag '  itemprop=\"headline\"  >\u00bfTENES UNA PREGUNTA O NECESITAS UN PRESUPUESTO?<\/h1><div class=\"special-heading-border\"><div class=\"special-heading-inner-border\"><\/div><\/div><\/div>\n\n<style type=\"text\/css\" data-created_by=\"avia_inline_auto\" id=\"style-css-av-r549f-406d207ac05705cbf6f274fde16f971c\">\n#top .hr.hr-invisible.av-r549f-406d207ac05705cbf6f274fde16f971c{\nheight:20px;\n}\n<\/style>\n<div  class='hr av-r549f-406d207ac05705cbf6f274fde16f971c hr-invisible  avia-builder-el-8  el_after_av_heading  el_before_av_textblock '><span class='hr-inner '><span class=\"hr-inner-style\"><\/span><\/span><\/div>\n\n<style type=\"text\/css\" data-created_by=\"avia_inline_auto\" id=\"style-css-av-kmdn7-2312aafa593ff860fb8c6dfb39b1992b\">\n#top .av_textblock_section.av-kmdn7-2312aafa593ff860fb8c6dfb39b1992b .avia_textblock{\ncolor:#f2f2f2;\n}\n<\/style>\n<section  class='av_textblock_section av-kmdn7-2312aafa593ff860fb8c6dfb39b1992b '   itemscope=\"itemscope\" itemtype=\"https:\/\/schema.org\/CreativeWork\" ><div class='avia_textblock av_inherit_color'  itemprop=\"text\" ><h2 style=\"text-align: center;\">CONT\u00c1CTANOS Y TE LLAMAMOS<\/h2>\n<\/div><\/section>\n\n<style type=\"text\/css\" data-created_by=\"avia_inline_auto\" id=\"style-css-av-dgu1f-f114708211daa20cc3f7277303b90edf\">\n#top .hr.hr-invisible.av-dgu1f-f114708211daa20cc3f7277303b90edf{\nheight:20px;\n}\n<\/style>\n<div  class='hr av-dgu1f-f114708211daa20cc3f7277303b90edf hr-invisible  avia-builder-el-10  el_after_av_textblock  el_before_av_button '><span class='hr-inner '><span class=\"hr-inner-style\"><\/span><\/span><\/div>\n<div  class='avia-button-wrap av-a7z8z-a74a459d6e83874c27e15a2c56486c6f-wrap avia-button-center  avia-builder-el-11  el_after_av_hr  avia-builder-el-last '>\n<style type=\"text\/css\" data-created_by=\"avia_inline_auto\" id=\"style-css-av-a7z8z-a74a459d6e83874c27e15a2c56486c6f\">\n#top #wrap_all .avia-button.av-a7z8z-a74a459d6e83874c27e15a2c56486c6f{\nfont-size:20px;\nborder-style:double;\ntransition:all 0.4s ease-in-out;\n}\n<\/style>\n<a href='https:\/\/renovarenergia.com.ar\/?page_id=25'  class='avia-button av-a7z8z-a74a459d6e83874c27e15a2c56486c6f av-link-btn avia-icon_select-no avia-size-x-large avia-position-center avia-color-light'   aria-label=\"CONTACTO\"><span class='avia_iconbox_title' >CONTACTO<\/span><\/a><\/div>\n\n","protected":false},"excerpt":{"rendered":"","protected":false},"author":1,"featured_media":0,"parent":0,"menu_order":0,"comment_status":"closed","ping_status":"closed","template":"","meta":{"_acf_changed":false,"footnotes":""},"class_list":["post-435","page","type-page","status-publish","hentry"],"yoast_head":"<!-- This site is optimized with the Yoast SEO plugin v23.7 - https:\/\/yoast.com\/wordpress\/plugins\/seo\/ -->\n<title>CCTV SOLAR | RENOVAR ENERG\u00cdA<\/title>\n<meta name=\"robots\" content=\"index, follow, max-snippet:-1, max-image-preview:large, max-video-preview:-1\" \/>\n<link rel=\"canonical\" href=\"https:\/\/renovarenergia.com.ar\/?page_id=435\" \/>\n<meta property=\"og:locale\" content=\"en_US\" \/>\n<meta property=\"og:type\" content=\"article\" \/>\n<meta property=\"og:title\" content=\"CCTV SOLAR | RENOVAR ENERG\u00cdA\" \/>\n<meta property=\"og:url\" content=\"https:\/\/renovarenergia.com.ar\/?page_id=435\" \/>\n<meta property=\"og:site_name\" content=\"My Blog\" \/>\n<meta property=\"article:modified_time\" content=\"2025-02-19T17:40:41+00:00\" \/>\n<meta name=\"twitter:card\" content=\"summary_large_image\" \/>\n<meta name=\"twitter:label1\" content=\"Est. reading time\" \/>\n\t<meta name=\"twitter:data1\" content=\"1 minute\" \/>\n<script type=\"application\/ld+json\" class=\"yoast-schema-graph\">{\"@context\":\"https:\/\/schema.org\",\"@graph\":[{\"@type\":\"WebPage\",\"@id\":\"https:\/\/renovarenergia.com.ar\/?page_id=435\",\"url\":\"https:\/\/renovarenergia.com.ar\/?page_id=435\",\"name\":\"CCTV SOLAR | RENOVAR ENERG\u00cdA\",\"isPartOf\":{\"@id\":\"https:\/\/renovarenergia.com.ar\/#website\"},\"datePublished\":\"2025-02-10T17:18:10+00:00\",\"dateModified\":\"2025-02-19T17:40:41+00:00\",\"breadcrumb\":{\"@id\":\"https:\/\/renovarenergia.com.ar\/?page_id=435#breadcrumb\"},\"inLanguage\":\"en-US\",\"potentialAction\":[{\"@type\":\"ReadAction\",\"target\":[\"https:\/\/renovarenergia.com.ar\/?page_id=435\"]}]},{\"@type\":\"BreadcrumbList\",\"@id\":\"https:\/\/renovarenergia.com.ar\/?page_id=435#breadcrumb\",\"itemListElement\":[{\"@type\":\"ListItem\",\"position\":1,\"name\":\"Home\",\"item\":\"https:\/\/renovarenergia.com.ar\/?page_id=15\"},{\"@type\":\"ListItem\",\"position\":2,\"name\":\"CCTV SOLAR\"}]},{\"@type\":\"WebSite\",\"@id\":\"https:\/\/renovarenergia.com.ar\/#website\",\"url\":\"https:\/\/renovarenergia.com.ar\/\",\"name\":\"My Blog\",\"description\":\"My WordPress Blog\",\"potentialAction\":[{\"@type\":\"SearchAction\",\"target\":{\"@type\":\"EntryPoint\",\"urlTemplate\":\"https:\/\/renovarenergia.com.ar\/?s={search_term_string}\"},\"query-input\":{\"@type\":\"PropertyValueSpecification\",\"valueRequired\":true,\"valueName\":\"search_term_string\"}}],\"inLanguage\":\"en-US\"}]}<\/script>\n<!-- \/ Yoast SEO plugin. -->","yoast_head_json":{"title":"CCTV SOLAR | RENOVAR ENERG\u00cdA","robots":{"index":"index","follow":"follow","max-snippet":"max-snippet:-1","max-image-preview":"max-image-preview:large","max-video-preview":"max-video-preview:-1"},"canonical":"https:\/\/renovarenergia.com.ar\/?page_id=435","og_locale":"en_US","og_type":"article","og_title":"CCTV SOLAR | RENOVAR ENERG\u00cdA","og_url":"https:\/\/renovarenergia.com.ar\/?page_id=435","og_site_name":"My Blog","article_modified_time":"2025-02-19T17:40:41+00:00","twitter_card":"summary_large_image","twitter_misc":{"Est. reading time":"1 minute"},"schema":{"@context":"https:\/\/schema.org","@graph":[{"@type":"WebPage","@id":"https:\/\/renovarenergia.com.ar\/?page_id=435","url":"https:\/\/renovarenergia.com.ar\/?page_id=435","name":"CCTV SOLAR | RENOVAR ENERG\u00cdA","isPartOf":{"@id":"https:\/\/renovarenergia.com.ar\/#website"},"datePublished":"2025-02-10T17:18:10+00:00","dateModified":"2025-02-19T17:40:41+00:00","breadcrumb":{"@id":"https:\/\/renovarenergia.com.ar\/?page_id=435#breadcrumb"},"inLanguage":"en-US","potentialAction":[{"@type":"ReadAction","target":["https:\/\/renovarenergia.com.ar\/?page_id=435"]}]},{"@type":"BreadcrumbList","@id":"https:\/\/renovarenergia.com.ar\/?page_id=435#breadcrumb","itemListElement":[{"@type":"ListItem","position":1,"name":"Home","item":"https:\/\/renovarenergia.com.ar\/?page_id=15"},{"@type":"ListItem","position":2,"name":"CCTV SOLAR"}]},{"@type":"WebSite","@id":"https:\/\/renovarenergia.com.ar\/#website","url":"https:\/\/renovarenergia.com.ar\/","name":"My Blog","description":"My WordPress Blog","potentialAction":[{"@type":"SearchAction","target":{"@type":"EntryPoint","urlTemplate":"https:\/\/renovarenergia.com.ar\/?s={search_term_string}"},"query-input":{"@type":"PropertyValueSpecification","valueRequired":true,"valueName":"search_term_string"}}],"inLanguage":"en-US"}]}},"acf":[],"_links":{"self":[{"href":"https:\/\/renovarenergia.com.ar\/index.php?rest_route=\/wp\/v2\/pages\/435","targetHints":{"allow":["GET"]}}],"collection":[{"href":"https:\/\/renovarenergia.com.ar\/index.php?rest_route=\/wp\/v2\/pages"}],"about":[{"href":"https:\/\/renovarenergia.com.ar\/index.php?rest_route=\/wp\/v2\/types\/page"}],"author":[{"embeddable":true,"href":"https:\/\/renovarenergia.com.ar\/index.php?rest_route=\/wp\/v2\/users\/1"}],"replies":[{"embeddable":true,"href":"https:\/\/renovarenergia.com.ar\/index.php?rest_route=%2Fwp%2Fv2%2Fcomments&post=435"}],"version-history":[{"count":5,"href":"https:\/\/renovarenergia.com.ar\/index.php?rest_route=\/wp\/v2\/pages\/435\/revisions"}],"predecessor-version":[{"id":473,"href":"https:\/\/renovarenergia.com.ar\/index.php?rest_route=\/wp\/v2\/pages\/435\/revisions\/473"}],"wp:attachment":[{"href":"https:\/\/renovarenergia.com.ar\/index.php?rest_route=%2Fwp%2Fv2%2Fmedia&parent=435"}],"curies":[{"name":"wp","href":"https:\/\/api.w.org\/{rel}","templated":true}]}}